{"id":9,"date":"2019-09-02T11:12:29","date_gmt":"2019-09-02T09:12:29","guid":{"rendered":"https:\/\/koelbl.8create.at\/de\/?page_id=9"},"modified":"2026-03-25T14:26:47","modified_gmt":"2026-03-25T13:26:47","slug":"start","status":"publish","type":"page","link":"https:\/\/www.koelbl.co.at\/de\/","title":{"rendered":"Start"},"content":{"rendered":"<p>[et_pb_section fb_built=&#8220;1&#8243; module_class=&#8220;header&#8220; _builder_version=&#8220;4.16&#8243; use_background_color_gradient=&#8220;on&#8220; background_color_gradient_stops=&#8220;rgba(0,0,0,0.5) 0%|rgba(255,255,255,0) 20%&#8220; background_color_gradient_overlays_image=&#8220;on&#8220; background_color_gradient_start=&#8220;rgba(0,0,0,0.5)&#8220; background_color_gradient_end=&#8220;rgba(255,255,255,0)&#8220; background_color_gradient_end_position=&#8220;20%&#8220; background_image=&#8220;https:\/\/www.koelbl.co.at\/de\/wp-content\/uploads\/sites\/2\/2019\/09\/header-start.jpg&#8220; height=&#8220;668px&#8220; height_tablet=&#8220;512px&#8220; height_phone=&#8220;356px&#8220; height_last_edited=&#8220;on|desktop&#8220; global_colors_info=&#8220;{}&#8220;][et_pb_row column_structure=&#8220;2_5,3_5&#8243; custom_padding_last_edited=&#8220;on|phone&#8220; _builder_version=&#8220;4.16&#8243; custom_margin=&#8220;200px|auto||auto|false|false&#8220; custom_margin_tablet=&#8220;&#8220; custom_margin_phone=&#8220;150px||||false|false&#8220; custom_margin_last_edited=&#8220;on|phone&#8220; custom_padding=&#8220;|110px||110px|false|true&#8220; custom_padding_tablet=&#8220;|0px||0px|false|true&#8220; custom_padding_phone=&#8220;&#8220; global_colors_info=&#8220;{}&#8220;][et_pb_column type=&#8220;2_5&#8243; disabled_on=&#8220;on|on|off&#8220; _builder_version=&#8220;4.16&#8243; global_colors_info=&#8220;{}&#8220;][et_pb_image src=&#8220;https:\/\/www.koelbl.co.at\/de\/wp-content\/uploads\/sites\/2\/2019\/09\/koelbl-emblem.png&#8220; align=&#8220;center&#8220; _builder_version=&#8220;4.16&#8243; max_height_tablet=&#8220;&#8220; max_height_phone=&#8220;150px&#8220; max_height_last_edited=&#8220;on|tablet&#8220; global_colors_info=&#8220;{}&#8220;][\/et_pb_image][\/et_pb_column][et_pb_column type=&#8220;3_5&#8243; disabled_on=&#8220;off|off|off&#8220; _builder_version=&#8220;4.16&#8243; global_colors_info=&#8220;{}&#8220;][et_pb_text _builder_version=&#8220;4.16&#8243; text_orientation=&#8220;center&#8220; background_layout=&#8220;dark&#8220; width_last_edited=&#8220;off|tablet&#8220; max_width_tablet=&#8220;260px&#8220; max_width_phone=&#8220;&#8220; max_width_last_edited=&#8220;on|tablet&#8220; module_alignment=&#8220;center&#8220; custom_padding=&#8220;32px||||false|false&#8220; custom_padding_tablet=&#8220;0px||||false|false&#8220; custom_padding_phone=&#8220;&#8220; custom_padding_last_edited=&#8220;on|desktop&#8220; global_colors_info=&#8220;{}&#8220;]<\/p>\n<h1>The<br \/>sound of<br \/>the alps<\/h1>\n<p>[\/et_pb_text][\/et_pb_column][\/et_pb_row][\/et_pb_section][et_pb_section fb_built=&#8220;1&#8243; _builder_version=&#8220;4.16&#8243; custom_padding=&#8220;40px||40px||false|false&#8220; animation_style=&#8220;fade&#8220; global_colors_info=&#8220;{}&#8220;][et_pb_row _builder_version=&#8220;4.16&#8243; global_colors_info=&#8220;{}&#8220;][et_pb_column type=&#8220;4_4&#8243; _builder_version=&#8220;4.16&#8243; global_colors_info=&#8220;{}&#8220;][et_pb_text module_class=&#8220;separator&#8220; _builder_version=&#8220;4.27.4&#8243; text_orientation=&#8220;center&#8220; width=&#8220;66%&#8220; width_tablet=&#8220;100%&#8220; width_phone=&#8220;&#8220; width_last_edited=&#8220;on|tablet&#8220; module_alignment=&#8220;center&#8220; custom_margin=&#8220;0px||||false|false&#8220; global_colors_info=&#8220;{}&#8220;]<\/p>\n<h2>Herzlich Willkommen bei K\u00f6lbl European Tonewood!<\/h2>\n<p>[\/et_pb_text][et_pb_image src=&#8220;https:\/\/www.koelbl.co.at\/de\/wp-content\/uploads\/sites\/2\/2019\/09\/KO\u0308LBL_90Jahre_Siegel_Gold_RGB.png&#8220; align=&#8220;right&#8220; align_tablet=&#8220;right&#8220; align_phone=&#8220;center&#8220; align_last_edited=&#8220;on|phone&#8220; _builder_version=&#8220;4.27.4&#8243; width=&#8220;200px&#8220; width_tablet=&#8220;150px&#8220; width_phone=&#8220;150px&#8220; width_last_edited=&#8220;on|tablet&#8220; custom_margin=&#8220;-231px||||false|false&#8220; custom_margin_tablet=&#8220;-156px||||false|false&#8220; custom_margin_phone=&#8220;-65px||||false|false&#8220; custom_margin_last_edited=&#8220;on|phone&#8220; custom_padding=&#8220;||20px||false|false&#8220; global_colors_info=&#8220;{}&#8220;][\/et_pb_image][et_pb_text module_class=&#8220;serif&#8220; _builder_version=&#8220;4.16&#8243; text_font=&#8220;|||on|||||&#8220; text_orientation=&#8220;center&#8220; width=&#8220;60%&#8220; width_tablet=&#8220;100%&#8220; width_phone=&#8220;&#8220; width_last_edited=&#8220;on|tablet&#8220; module_alignment=&#8220;center&#8220; custom_margin=&#8220;-22px||||false|false&#8220; global_colors_info=&#8220;{}&#8220;]<\/p>\n<p>Wir bieten h\u00f6chste Qualit\u00e4t und schnellste<br \/> Lieferm\u00f6glichkeiten aus unserem riesigen Warenlager!<\/p>\n<p>[\/et_pb_text][\/et_pb_column][\/et_pb_row][et_pb_row column_structure=&#8220;1_2,1_2&#8243; _builder_version=&#8220;4.16&#8243; global_colors_info=&#8220;{}&#8220;][et_pb_column type=&#8220;1_2&#8243; _builder_version=&#8220;4.16&#8243; global_colors_info=&#8220;{}&#8220;][et_pb_text _builder_version=&#8220;4.27.4&#8243; global_colors_info=&#8220;{}&#8220;]<\/p>\n<p>F\u00fcr keine andere Art der Holzverarbeitung sind die Anspr\u00fcche an das Holz so gro\u00df wie im <a href=\"https:\/\/www.koelbl.co.at\/de\/tonholz-fuer-klaviatur-und-mechanik-aus-europa\/%20\" target=\"_blank\" rel=\"noopener\">Instrumentenbau<\/a>. Besondere <a href=\"https:\/\/www.koelbl.co.at\/de\/nachhaltigkeit-die-klingt\/%20\" target=\"_blank\" rel=\"noopener\">Wuchsregionen<\/a> in den Alpen und im Alpenvorland sowie Witterungsbedingungen sorgen daf\u00fcr, dass die <a href=\"https:\/\/www.koelbl.co.at\/de\/koelbl-alpine-fichte\/\" target=\"_blank\" rel=\"noopener\" title=\"K\u00d6LBL Alpine Fichte\">K\u00d6LBL Alpine Fichte<\/a> gleichm\u00e4\u00dfig und feinj\u00e4hrig im Jahresringaufbau wachsen kann. Beste Bedingungen f\u00fcr Tonholzqualit\u00e4t.<\/p>\n<p>[\/et_pb_text][\/et_pb_column][et_pb_column type=&#8220;1_2&#8243; _builder_version=&#8220;4.16&#8243; global_colors_info=&#8220;{}&#8220;][et_pb_text _builder_version=&#8220;4.27.4&#8243; global_colors_info=&#8220;{}&#8220;]<\/p>\n<p>Verwurzelt und eingebettet im <a href=\"https:\/\/www.koelbl.co.at\/de\/tonewood-europe\/%20\" target=\"_blank\" rel=\"noopener\">Herzen Europas<\/a> finden Sie unser Werk. Sorgf\u00e4ltige Auswahl, definierte <a href=\"https:\/\/www.koelbl.co.at\/de\/hochwertige-verarbeitung-bei-koelbl\/%20\" target=\"_blank\" rel=\"noopener\">Qualit\u00e4tsprozesse, qualifizierte MitarbeiterInnen, jahrelange Erfahrung<\/a> sowie Wissen aus \u00fcber 3. Generationen machen uns einzigartig.<\/p>\n<p>[\/et_pb_text][\/et_pb_column][\/et_pb_row][et_pb_row _builder_version=&#8220;4.16&#8243; global_colors_info=&#8220;{}&#8220;][et_pb_column type=&#8220;4_4&#8243; _builder_version=&#8220;4.16&#8243; global_colors_info=&#8220;{}&#8220;][et_pb_toggle title=&#8220;Unser Leitbild&#8220; open_toggle_text_color=&#8220;#ffffff&#8220; _builder_version=&#8220;4.16&#8243; title_text_color=&#8220;#ffffff&#8220; title_level=&#8220;h3&#8243; body_text_color=&#8220;#ffffff&#8220; background_color=&#8220;#658a1f&#8220; global_colors_info=&#8220;{}&#8220;]Wir haben uns lange und intensiv mit unseren Werten, W\u00fcnschen, Beziehungen zu Mitarbeitern, Kunden, Lieferanten, Nachhaltigkeit und unseren Zielen besch\u00e4ftigt.<\/p>\n<p>Herausgekommen ist dabei unser Leitbild &#8211; <strong>Gemeinsam Erfolgreich. <\/strong><\/p>\n<p>Was das Leitbild f\u00fcr uns bedeutet, wie wir es im Alltag leben bzw. wie wir es am Werk sichtbar gemacht haben, findet ihr in unserer Brosch\u00fcre im Downloadbereich oder einfach hier <a href=\"https:\/\/www.koelbl.co.at\/de\/wp-content\/uploads\/sites\/2\/2022\/11\/Firmen-und-Kundenphilosophie-Final-2022.pdf\" target=\"_blank\" rel=\"noopener noreferrer\" title=\"Leitbild 2022\" style=\"color:#ffffff;text-decoration:underline\">klicken<\/a>![\/et_pb_toggle][\/et_pb_column][\/et_pb_row][\/et_pb_section][et_pb_section fb_built=&#8220;1&#8243; _builder_version=&#8220;4.16&#8243; global_colors_info=&#8220;{}&#8220;][et_pb_row _builder_version=&#8220;4.16&#8243; global_colors_info=&#8220;{}&#8220;][et_pb_column type=&#8220;4_4&#8243; _builder_version=&#8220;4.16&#8243; global_colors_info=&#8220;{}&#8220;][et_pb_text _builder_version=&#8220;4.27.4&#8243; global_colors_info=&#8220;{}&#8220;]<\/p>\n<h2 style=\"text-align: center\">Unsere Klanggeschichte<\/h2>\n<p style=\"text-align: center\">Jeder durch ein Musikinstrument erklingende Ton erz\u00e4hlt eine Geschichte.<br \/>Die Geschichte seiner Herkunft. In 90 Jahren haben wir gelernt diese Geschichten<br \/>zu erkennen und sie zum Klingen zu bringen. Das <a href=\"https:\/\/www.koelbl.co.at\/de\/koelbl-alpine-fichte\/\" target=\"_blank\" rel=\"noopener\">beste Holz<\/a> in Musik zu verwandeln.<\/p>\n<p>[\/et_pb_text][et_pb_code _builder_version=&#8220;4.27.4&#8243; max_width=&#8220;70%&#8220; module_alignment=&#8220;center&#8220; global_colors_info=&#8220;{}&#8220;]<iframe loading=\"lazy\"  id=\"_ytid_23572\"  width=\"1080\" height=\"608\"  data-origwidth=\"1080\" data-origheight=\"608\"  data-relstop=\"1\" src=\"https:\/\/www.youtube.com\/embed\/6SRAUsmM1sU?enablejsapi=1&autoplay=0&cc_load_policy=0&cc_lang_pref=&iv_load_policy=1&loop=0&modestbranding=0&rel=0&fs=1&playsinline=0&autohide=2&theme=dark&color=red&controls=1&\" class=\"__youtube_prefs__  no-lazyload\" title=\"YouTube player\"  allow=\"fullscreen; accelerometer; autoplay; clipboard-write; encrypted-media; gyroscope; picture-in-picture\" allowfullscreen data-no-lazy=\"1\" data-skipgform_ajax_framebjll=\"\"><\/iframe>[\/et_pb_code][\/et_pb_column][\/et_pb_row][\/et_pb_section][et_pb_section fb_built=&#8220;1&#8243; fullwidth=&#8220;on&#8220; disabled_on=&#8220;on|on|on&#8220; _builder_version=&#8220;4.16&#8243; background_color=&#8220;#f2efed&#8220; min_height=&#8220;220px&#8220; animation_style=&#8220;fade&#8220; disabled=&#8220;on&#8220; global_colors_info=&#8220;{}&#8220;][et_pb_fullwidth_code _builder_version=&#8220;4.16&#8243; global_colors_info=&#8220;{}&#8220;][\/et_pb_fullwidth_code][\/et_pb_section][et_pb_section fb_built=&#8220;1&#8243; module_class=&#8220;news-sec-startseite&#8220; _builder_version=&#8220;4.16&#8243; background_color=&#8220;#f2efed&#8220; custom_padding=&#8220;||15px|||&#8220; global_colors_info=&#8220;{}&#8220;][et_pb_row column_structure=&#8220;1_2,1_2&#8243; make_equal=&#8220;on&#8220; _builder_version=&#8220;4.16&#8243; custom_margin=&#8220;0px||0px||false|false&#8220; custom_padding=&#8220;0px||0px||false|false&#8220; global_colors_info=&#8220;{}&#8220;][et_pb_column type=&#8220;1_2&#8243; _builder_version=&#8220;4.16&#8243; custom_css_main_element=&#8220;margin: auto 0;&#8220; global_colors_info=&#8220;{}&#8220;][et_pb_blog posts_number=&#8220;1&#8243; include_categories=&#8220;1&#8243; meta_date=&#8220;j M Y&#8220; show_thumbnail=&#8220;off&#8220; use_manual_excerpt=&#8220;off&#8220; excerpt_length=&#8220;0&#8243; show_author=&#8220;off&#8220; show_excerpt=&#8220;off&#8220; show_pagination=&#8220;off&#8220; module_class=&#8220;no-headline&#8220; _builder_version=&#8220;4.16&#8243; custom_margin=&#8220;-29px|||||&#8220; global_colors_info=&#8220;{}&#8220;][\/et_pb_blog][et_pb_blog posts_number=&#8220;1&#8243; include_categories=&#8220;1&#8243; show_thumbnail=&#8220;off&#8220; use_manual_excerpt=&#8220;off&#8220; excerpt_length=&#8220;0&#8243; show_more=&#8220;on&#8220; show_author=&#8220;off&#8220; show_date=&#8220;off&#8220; show_categories=&#8220;off&#8220; show_excerpt=&#8220;off&#8220; show_pagination=&#8220;off&#8220; _builder_version=&#8220;4.16&#8243; global_colors_info=&#8220;{}&#8220;][\/et_pb_blog][\/et_pb_column][et_pb_column type=&#8220;1_2&#8243; _builder_version=&#8220;4.16&#8243; global_colors_info=&#8220;{}&#8220;][et_pb_blog posts_number=&#8220;1&#8243; include_categories=&#8220;1&#8243; use_manual_excerpt=&#8220;off&#8220; excerpt_length=&#8220;0&#8243; show_author=&#8220;off&#8220; show_date=&#8220;off&#8220; show_categories=&#8220;off&#8220; show_excerpt=&#8220;off&#8220; show_pagination=&#8220;off&#8220; module_class=&#8220;no-headline&#8220; _builder_version=&#8220;4.16&#8243; custom_margin=&#8220;0px||0px||false|false&#8220; custom_padding=&#8220;0px||0px||false|false&#8220; global_colors_info=&#8220;{}&#8220;][\/et_pb_blog][\/et_pb_column][\/et_pb_row][\/et_pb_section][et_pb_section fb_built=&#8220;1&#8243; _builder_version=&#8220;4.16&#8243; background_color=&#8220;#f2efed&#8220; custom_padding=&#8220;43px||43px||true|false&#8220; global_colors_info=&#8220;{}&#8220;][et_pb_row column_structure=&#8220;1_4,1_4,1_4,1_4&#8243; _builder_version=&#8220;4.27.4&#8243; width=&#8220;100%&#8220; max_width=&#8220;1299px&#8220; animation_style=&#8220;flip&#8220; animation_delay=&#8220;150ms&#8220; hover_enabled=&#8220;0&#8243; global_colors_info=&#8220;{}&#8220; sticky_enabled=&#8220;0&#8243;][et_pb_column type=&#8220;1_4&#8243; _builder_version=&#8220;4.16&#8243; global_colors_info=&#8220;{}&#8220;][et_pb_button button_url=&#8220;https:\/\/www.koelbl.co.at\/de\/unternehmen\/jobs\/&#8220; button_text=&#8220;Aktuelle Jobs&#8220; button_alignment=&#8220;center&#8220; _builder_version=&#8220;4.27.4&#8243; _module_preset=&#8220;default&#8220; custom_margin=&#8220;0px||||false|false&#8220; hover_enabled=&#8220;0&#8243; global_colors_info=&#8220;{}&#8220; sticky_enabled=&#8220;0&#8243;][\/et_pb_button][\/et_pb_column][et_pb_column type=&#8220;1_4&#8243; _builder_version=&#8220;4.16&#8243; global_colors_info=&#8220;{}&#8220;][et_pb_button button_url=&#8220;https:\/\/www.koelbl.co.at\/de\/wp-content\/uploads\/sites\/2\/2025\/09\/KOeLBL_Imagebrosch_DE_FINAL.pdf&#8220; url_new_window=&#8220;on&#8220; button_text=&#8220;Unsere Imagebrosch\u00fcre&#8220; button_alignment=&#8220;center&#8220; _builder_version=&#8220;4.27.4&#8243; global_colors_info=&#8220;{}&#8220;][\/et_pb_button][\/et_pb_column][et_pb_column type=&#8220;1_4&#8243; _builder_version=&#8220;4.16&#8243; global_colors_info=&#8220;{}&#8220;][et_pb_button button_url=&#8220;\/de\/produkte\/&#8220; button_text=&#8220;Unsere Produkte&#8220; button_alignment=&#8220;center&#8220; button_alignment_tablet=&#8220;center&#8220; button_alignment_last_edited=&#8220;off|desktop&#8220; _builder_version=&#8220;4.16&#8243; global_colors_info=&#8220;{}&#8220;][\/et_pb_button][\/et_pb_column][et_pb_column type=&#8220;1_4&#8243; _builder_version=&#8220;4.16&#8243; global_colors_info=&#8220;{}&#8220;][et_pb_button button_url=&#8220;\/de\/unternehmen\/geschichte\/&#8220; button_text=&#8220;Unsere Geschichte&#8220; button_alignment=&#8220;center&#8220; button_alignment_tablet=&#8220;center&#8220; button_alignment_last_edited=&#8220;off|desktop&#8220; _builder_version=&#8220;4.16&#8243; global_colors_info=&#8220;{}&#8220;][\/et_pb_button][\/et_pb_column][\/et_pb_row][\/et_pb_section]<\/p>\n","protected":false},"excerpt":{"rendered":"<p>Thesound ofthe alpsHerzlich Willkommen bei K\u00f6lbl European Tonewood!Wir bieten h\u00f6chste Qualit\u00e4t und schnellste Lieferm\u00f6glichkeiten aus unserem riesigen Warenlager!F\u00fcr keine andere Art der Holzverarbeitung sind die Anspr\u00fcche an das Holz so gro\u00df wie im Instrumentenbau. Besondere Wuchsregionen in den Alpen und im Alpenvorland sowie Witterungsbedingungen sorgen daf\u00fcr, dass die K\u00d6LBL Alpine Fichte gleichm\u00e4\u00dfig und feinj\u00e4hrig im [&hellip;]<\/p>\n","protected":false},"author":1,"featured_media":0,"parent":0,"menu_order":0,"comment_status":"closed","ping_status":"closed","template":"","meta":{"_acf_changed":false,"_et_pb_use_builder":"on","_et_pb_old_content":"","_et_gb_content_width":"","footnotes":""},"class_list":["post-9","page","type-page","status-publish","hentry"],"acf":[],"yoast_head":"<!-- This site is optimized with the Yoast SEO plugin v23.9 - https:\/\/yoast.com\/wordpress\/plugins\/seo\/ -->\n<title>Start - K\u00f6lbl European Tonewood DE<\/title>\n<meta name=\"robots\" content=\"index, follow, max-snippet:-1, max-image-preview:large, max-video-preview:-1\" \/>\n<link rel=\"canonical\" href=\"https:\/\/www.koelbl.co.at\/de\/\" \/>\n<meta property=\"og:locale\" content=\"de_DE\" \/>\n<meta property=\"og:type\" content=\"article\" \/>\n<meta property=\"og:title\" content=\"Start - K\u00f6lbl European Tonewood DE\" \/>\n<meta property=\"og:description\" content=\"Thesound ofthe alpsHerzlich Willkommen bei K\u00f6lbl European Tonewood!Wir bieten h\u00f6chste Qualit\u00e4t und schnellste Lieferm\u00f6glichkeiten aus unserem riesigen Warenlager!F\u00fcr keine andere Art der Holzverarbeitung sind die Anspr\u00fcche an das Holz so gro\u00df wie im Instrumentenbau. Besondere Wuchsregionen in den Alpen und im Alpenvorland sowie Witterungsbedingungen sorgen daf\u00fcr, dass die K\u00d6LBL Alpine Fichte gleichm\u00e4\u00dfig und feinj\u00e4hrig im [&hellip;]\" \/>\n<meta property=\"og:url\" content=\"https:\/\/www.koelbl.co.at\/de\/\" \/>\n<meta property=\"og:site_name\" content=\"K\u00f6lbl European Tonewood DE\" \/>\n<meta property=\"article:modified_time\" content=\"2026-03-25T13:26:47+00:00\" \/>\n<meta name=\"twitter:card\" content=\"summary_large_image\" \/>\n<meta name=\"twitter:label1\" content=\"Gesch\u00e4tzte Lesezeit\" \/>\n\t<meta name=\"twitter:data1\" content=\"7 Minuten\" \/>\n<script type=\"application\/ld+json\" class=\"yoast-schema-graph\">{\"@context\":\"https:\/\/schema.org\",\"@graph\":[{\"@type\":\"WebPage\",\"@id\":\"https:\/\/www.koelbl.co.at\/de\/\",\"url\":\"https:\/\/www.koelbl.co.at\/de\/\",\"name\":\"Start - K\u00f6lbl European Tonewood DE\",\"isPartOf\":{\"@id\":\"https:\/\/www.koelbl.co.at\/de\/#website\"},\"datePublished\":\"2019-09-02T09:12:29+00:00\",\"dateModified\":\"2026-03-25T13:26:47+00:00\",\"breadcrumb\":{\"@id\":\"https:\/\/www.koelbl.co.at\/de\/#breadcrumb\"},\"inLanguage\":\"de\",\"potentialAction\":[{\"@type\":\"ReadAction\",\"target\":[\"https:\/\/www.koelbl.co.at\/de\/\"]}]},{\"@type\":\"BreadcrumbList\",\"@id\":\"https:\/\/www.koelbl.co.at\/de\/#breadcrumb\",\"itemListElement\":[{\"@type\":\"ListItem\",\"position\":1,\"name\":\"Startseite\",\"item\":\"https:\/\/www.koelbl.co.at\/de\/\"},{\"@type\":\"ListItem\",\"position\":2,\"name\":\"Start\"}]},{\"@type\":\"WebSite\",\"@id\":\"https:\/\/www.koelbl.co.at\/de\/#website\",\"url\":\"https:\/\/www.koelbl.co.at\/de\/\",\"name\":\"K\u00f6lbl European Tonewood\",\"description\":\"The sound of the alps\",\"publisher\":{\"@id\":\"https:\/\/www.koelbl.co.at\/de\/#organization\"},\"potentialAction\":[{\"@type\":\"SearchAction\",\"target\":{\"@type\":\"EntryPoint\",\"urlTemplate\":\"https:\/\/www.koelbl.co.at\/de\/?s={search_term_string}\"},\"query-input\":{\"@type\":\"PropertyValueSpecification\",\"valueRequired\":true,\"valueName\":\"search_term_string\"}}],\"inLanguage\":\"de\"},{\"@type\":\"Organization\",\"@id\":\"https:\/\/www.koelbl.co.at\/de\/#organization\",\"name\":\"K\u00f6lbl European Tonewood\",\"url\":\"https:\/\/www.koelbl.co.at\/de\/\",\"logo\":{\"@type\":\"ImageObject\",\"inLanguage\":\"de\",\"@id\":\"https:\/\/www.koelbl.co.at\/de\/#\/schema\/logo\/image\/\",\"url\":\"https:\/\/www.koelbl.co.at\/de\/wp-content\/uploads\/sites\/2\/2019\/09\/logo-dark.png\",\"contentUrl\":\"https:\/\/www.koelbl.co.at\/de\/wp-content\/uploads\/sites\/2\/2019\/09\/logo-dark.png\",\"width\":438,\"height\":156,\"caption\":\"K\u00f6lbl European Tonewood\"},\"image\":{\"@id\":\"https:\/\/www.koelbl.co.at\/de\/#\/schema\/logo\/image\/\"}}]}<\/script>\n<!-- \/ Yoast SEO plugin. -->","yoast_head_json":{"title":"Start - K\u00f6lbl European Tonewood DE","robots":{"index":"index","follow":"follow","max-snippet":"max-snippet:-1","max-image-preview":"max-image-preview:large","max-video-preview":"max-video-preview:-1"},"canonical":"https:\/\/www.koelbl.co.at\/de\/","og_locale":"de_DE","og_type":"article","og_title":"Start - K\u00f6lbl European Tonewood DE","og_description":"Thesound ofthe alpsHerzlich Willkommen bei K\u00f6lbl European Tonewood!Wir bieten h\u00f6chste Qualit\u00e4t und schnellste Lieferm\u00f6glichkeiten aus unserem riesigen Warenlager!F\u00fcr keine andere Art der Holzverarbeitung sind die Anspr\u00fcche an das Holz so gro\u00df wie im Instrumentenbau. Besondere Wuchsregionen in den Alpen und im Alpenvorland sowie Witterungsbedingungen sorgen daf\u00fcr, dass die K\u00d6LBL Alpine Fichte gleichm\u00e4\u00dfig und feinj\u00e4hrig im [&hellip;]","og_url":"https:\/\/www.koelbl.co.at\/de\/","og_site_name":"K\u00f6lbl European Tonewood DE","article_modified_time":"2026-03-25T13:26:47+00:00","twitter_card":"summary_large_image","twitter_misc":{"Gesch\u00e4tzte Lesezeit":"7 Minuten"},"schema":{"@context":"https:\/\/schema.org","@graph":[{"@type":"WebPage","@id":"https:\/\/www.koelbl.co.at\/de\/","url":"https:\/\/www.koelbl.co.at\/de\/","name":"Start - K\u00f6lbl European Tonewood DE","isPartOf":{"@id":"https:\/\/www.koelbl.co.at\/de\/#website"},"datePublished":"2019-09-02T09:12:29+00:00","dateModified":"2026-03-25T13:26:47+00:00","breadcrumb":{"@id":"https:\/\/www.koelbl.co.at\/de\/#breadcrumb"},"inLanguage":"de","potentialAction":[{"@type":"ReadAction","target":["https:\/\/www.koelbl.co.at\/de\/"]}]},{"@type":"BreadcrumbList","@id":"https:\/\/www.koelbl.co.at\/de\/#breadcrumb","itemListElement":[{"@type":"ListItem","position":1,"name":"Startseite","item":"https:\/\/www.koelbl.co.at\/de\/"},{"@type":"ListItem","position":2,"name":"Start"}]},{"@type":"WebSite","@id":"https:\/\/www.koelbl.co.at\/de\/#website","url":"https:\/\/www.koelbl.co.at\/de\/","name":"K\u00f6lbl European Tonewood","description":"The sound of the alps","publisher":{"@id":"https:\/\/www.koelbl.co.at\/de\/#organization"},"potentialAction":[{"@type":"SearchAction","target":{"@type":"EntryPoint","urlTemplate":"https:\/\/www.koelbl.co.at\/de\/?s={search_term_string}"},"query-input":{"@type":"PropertyValueSpecification","valueRequired":true,"valueName":"search_term_string"}}],"inLanguage":"de"},{"@type":"Organization","@id":"https:\/\/www.koelbl.co.at\/de\/#organization","name":"K\u00f6lbl European Tonewood","url":"https:\/\/www.koelbl.co.at\/de\/","logo":{"@type":"ImageObject","inLanguage":"de","@id":"https:\/\/www.koelbl.co.at\/de\/#\/schema\/logo\/image\/","url":"https:\/\/www.koelbl.co.at\/de\/wp-content\/uploads\/sites\/2\/2019\/09\/logo-dark.png","contentUrl":"https:\/\/www.koelbl.co.at\/de\/wp-content\/uploads\/sites\/2\/2019\/09\/logo-dark.png","width":438,"height":156,"caption":"K\u00f6lbl European Tonewood"},"image":{"@id":"https:\/\/www.koelbl.co.at\/de\/#\/schema\/logo\/image\/"}}]}},"_links":{"self":[{"href":"https:\/\/www.koelbl.co.at\/de\/wp-json\/wp\/v2\/pages\/9","targetHints":{"allow":["GET"]}}],"collection":[{"href":"https:\/\/www.koelbl.co.at\/de\/wp-json\/wp\/v2\/pages"}],"about":[{"href":"https:\/\/www.koelbl.co.at\/de\/wp-json\/wp\/v2\/types\/page"}],"author":[{"embeddable":true,"href":"https:\/\/www.koelbl.co.at\/de\/wp-json\/wp\/v2\/users\/1"}],"replies":[{"embeddable":true,"href":"https:\/\/www.koelbl.co.at\/de\/wp-json\/wp\/v2\/comments?post=9"}],"version-history":[{"count":129,"href":"https:\/\/www.koelbl.co.at\/de\/wp-json\/wp\/v2\/pages\/9\/revisions"}],"predecessor-version":[{"id":4265,"href":"https:\/\/www.koelbl.co.at\/de\/wp-json\/wp\/v2\/pages\/9\/revisions\/4265"}],"wp:attachment":[{"href":"https:\/\/www.koelbl.co.at\/de\/wp-json\/wp\/v2\/media?parent=9"}],"curies":[{"name":"wp","href":"https:\/\/api.w.org\/{rel}","templated":true}]}}