{"id":398,"date":"2019-09-20T07:09:33","date_gmt":"2019-09-20T05:09:33","guid":{"rendered":"https:\/\/koelbl.8create.at\/de\/?page_id=398"},"modified":"2025-11-11T08:25:35","modified_gmt":"2025-11-11T07:25:35","slug":"entrindung","status":"publish","type":"page","link":"https:\/\/www.koelbl.co.at\/de\/service\/entrindung\/","title":{"rendered":"Entrindung"},"content":{"rendered":"<p>[et_pb_section fb_built=&#8220;1&#8243; module_class=&#8220;header&#8220; _builder_version=&#8220;4.16&#8243; background_enable_color=&#8220;off&#8220; background_image=&#8220;https:\/\/www.koelbl.co.at\/de\/wp-content\/uploads\/sites\/2\/2019\/09\/Koelbl_Service_Entrindung.jpg&#8220; background_enable_video_mp4=&#8220;off&#8220; height=&#8220;668px&#8220; height_tablet=&#8220;512px&#8220; height_phone=&#8220;229px&#8220; height_last_edited=&#8220;on|phone&#8220; custom_margin=&#8220;||0px||false|false&#8220; custom_padding=&#8220;||0px||false|false&#8220; custom_css_main_element=&#8220;display: flex;||align-items: flex-end;||justify-content:center;&#8220; global_colors_info=&#8220;{}&#8220;][et_pb_row _builder_version=&#8220;4.16&#8243; width=&#8220;100%&#8220; width_tablet=&#8220;&#8220; width_phone=&#8220;&#8220; width_last_edited=&#8220;on|phone&#8220; max_width=&#8220;1000px&#8220; custom_margin=&#8220;0px||||false|false&#8220; custom_margin_tablet=&#8220;0px||||false|false&#8220; custom_margin_phone=&#8220;0px||||false|false&#8220; custom_margin_last_edited=&#8220;on|desktop&#8220; custom_padding=&#8220;||45px||false|false&#8220; custom_css_main_element=&#8220;margin:inherit;&#8220; global_colors_info=&#8220;{}&#8220;][et_pb_column type=&#8220;4_4&#8243; _builder_version=&#8220;4.16&#8243; global_colors_info=&#8220;{}&#8220;][et_pb_text content_tablet=&#8220;<\/p>\n<h1>ENTRINDEN,<br \/> REDUZIEREN,<br \/>REINIGEN<\/h1>\n<p>&#8220; content_phone=&#8220;<\/p>\n<h1>ENTRINDEN,<br \/> REDUZIEREN,<br \/>REINIGEN<\/h1>\n<p>&#8220; content_last_edited=&#8220;on|desktop&#8220; _builder_version=&#8220;4.16&#8243; text_text_color=&#8220;#ffffff&#8220; header_text_color=&#8220;#ffffff&#8220; text_orientation=&#8220;center&#8220; width=&#8220;100%&#8220; width_tablet=&#8220;100%&#8220; width_phone=&#8220;&#8220; width_last_edited=&#8220;on|phone&#8220; module_alignment=&#8220;center&#8220; header_text_shadow_style=&#8220;preset2&#8243; header_text_shadow_horizontal_length=&#8220;0em&#8220; header_text_shadow_vertical_length=&#8220;0em&#8220; header_text_shadow_blur_strength=&#8220;0.05em&#8220; header_text_shadow_color=&#8220;rgba(0,0,0,0.15)&#8220; global_colors_info=&#8220;{}&#8220;]<\/p>\n<h1>ENTRINDEN,<br \/> REDUZIEREN,<br \/> REINIGEN<\/h1>\n<p>[\/et_pb_text][\/et_pb_column][\/et_pb_row][\/et_pb_section][et_pb_section fb_built=&#8220;1&#8243; _builder_version=&#8220;4.16&#8243; custom_padding=&#8220;||0px||false|false&#8220; animation_style=&#8220;fade&#8220; global_colors_info=&#8220;{}&#8220;][et_pb_row _builder_version=&#8220;4.16&#8243; custom_padding=&#8220;0px||0px||false|false&#8220; global_colors_info=&#8220;{}&#8220;][et_pb_column type=&#8220;4_4&#8243; _builder_version=&#8220;4.16&#8243; global_colors_info=&#8220;{}&#8220;][et_pb_text module_class=&#8220;separator&#8220; _builder_version=&#8220;4.16&#8243; text_orientation=&#8220;center&#8220; width=&#8220;66%&#8220; width_tablet=&#8220;100%&#8220; width_phone=&#8220;&#8220; width_last_edited=&#8220;on|tablet&#8220; module_alignment=&#8220;center&#8220; global_colors_info=&#8220;{}&#8220;]<\/p>\n<h2>Mobile Entrindung<\/h2>\n<p>[\/et_pb_text][\/et_pb_column][\/et_pb_row][et_pb_row _builder_version=&#8220;4.16&#8243; custom_padding=&#8220;0px||||false|false&#8220; global_colors_info=&#8220;{}&#8220;][et_pb_column type=&#8220;4_4&#8243; _builder_version=&#8220;4.16&#8243; global_colors_info=&#8220;{}&#8220;][et_pb_text _builder_version=&#8220;4.16&#8243; global_colors_info=&#8220;{}&#8220;]<\/p>\n<p><strong>Haben Sie Rundholz, dass Sie gerne entrindet haben m\u00f6chten?<\/strong><\/p>\n<p><strong>Sind auf Ihrem Rundholzplatz \u00fcbergro\u00dfe St\u00e4mme, die Sie aus diesem Grund nicht selber schneiden k\u00f6nnen?<\/p>\n<p><\/strong><\/p>\n<h4>Dann sind Sie bei uns genau richtig!<\/h4>\n<p>Wir kommen zu Ihnen und eintrinden, reduzieren, fr\u00e4sen &amp; reinigen Ihre Rundh\u00f6lzer nach Ihren Bed\u00fcrfnissen und Vorstellungen.<\/p>\n<p>Telefonische Anfragen an Hr. Dipl.-Ing. (FH) Peter Sexlinger oder per Mail an: <a href=\"mailto:office@koelbl.co.at\">office@koelbl.co.at<\/a><\/p>\n<p>[\/et_pb_text][\/et_pb_column][\/et_pb_row][et_pb_row _builder_version=&#8220;4.27.4&#8243; width=&#8220;92%&#8220; max_width=&#8220;627px&#8220; hover_enabled=&#8220;0&#8243; global_colors_info=&#8220;{}&#8220; sticky_enabled=&#8220;0&#8243;][et_pb_column type=&#8220;4_4&#8243; _builder_version=&#8220;4.16&#8243; global_colors_info=&#8220;{}&#8220;][et_pb_video src=&#8220;https:\/\/www.youtube.com\/watch?v=eLBycNBASG8&#8243; _builder_version=&#8220;4.27.4&#8243; width=&#8220;100%&#8220; max_width=&#8220;100%&#8220; module_alignment=&#8220;center&#8220; min_height=&#8220;357px&#8220; height=&#8220;357px&#8220; max_height=&#8220;602px&#8220; custom_margin=&#8220;||0px||false|false&#8220; custom_padding=&#8220;||0px||false|false&#8220; hover_enabled=&#8220;0&#8243; global_colors_info=&#8220;{}&#8220; title_text=&#8220;Mobiler Entrinder Final 1&#8243; image_src=&#8220;https:\/\/www.koelbl.co.at\/de\/wp-content\/uploads\/sites\/2\/2025\/11\/Mobiler-Entrinder-Final-1-scaled.jpg&#8220; sticky_enabled=&#8220;0&#8243;][\/et_pb_video][\/et_pb_column][\/et_pb_row][\/et_pb_section][et_pb_section fb_built=&#8220;1&#8243; fullwidth=&#8220;on&#8220; _builder_version=&#8220;4.16&#8243; global_colors_info=&#8220;{}&#8220;][et_pb_fullwidth_code _builder_version=&#8220;4.27.4&#8243; custom_padding=&#8220;||29px|||&#8220; global_colors_info=&#8220;{}&#8220;]<style id=\"wp_carousel_dynamic_css236\">#sp-wp-carousel-free-id-236 .wpcp-swiper-dots {margin: 40px 0px 0px 0px;}.wpcp-wrapper-236 .swiper-wrapper .swiper-slide-kenburn, .wpcp-wrapper-236 .swiper-wrapper, .wpcp-wrapper-236 .wpcpro-row{align-items: center;}#sp-wp-carousel-free-id-236 .wpcp-single-item {box-shadow: 0px 0px 0px 0px #dddddd;transition: all .3s;margin: 0px;}#sp-wp-carousel-free-id-236.swiper-flip .wpcp-single-item{margin: 0!important;}#sp-wp-carousel-free-id-236 .wpcp-single-item:hover {box-shadow: 0px 0px 0px 0px #dddddd;}#sp-wp-carousel-free-id-236.sp-wpcp-236 .wpcp-single-item {border: 0px none #dddddd;}#sp-wp-carousel-free-id-236.sp-wpcp-236 .swiper-button-prev,#sp-wp-carousel-free-id-236.sp-wpcp-236 .swiper-button-next,#sp-wp-carousel-free-id-236.sp-wpcp-236 .swiper-button-prev:hover,#sp-wp-carousel-free-id-236.sp-wpcp-236 .swiper-button-next:hover {background: none;border: none;font-size: 30px;}#sp-wp-carousel-free-id-236.sp-wpcp-236 .swiper-button-prev i,#sp-wp-carousel-free-id-236.sp-wpcp-236 .swiper-button-next i {color: #0a0a0a;}#sp-wp-carousel-free-id-236.sp-wpcp-236 .swiper-button-prev i:hover,#sp-wp-carousel-free-id-236.sp-wpcp-236 .swiper-button-next i:hover {color: #0a0202;}#sp-wp-carousel-free-id-236.sp-wpcp-236 .wpcp-swiper-dots .swiper-pagination-bullet {background-color: #cccccc;}#sp-wp-carousel-free-id-236.sp-wpcp-236 .wpcp-swiper-dots .swiper-pagination-bullet.swiper-pagination-bullet-active {background-color: #59791b;} #sp-wp-carousel-free-id-236.sp-wpcp-236.wpcp-image-carousel .wpcp-single-item:hover img, #sp-wp-carousel-free-id-236.sp-wpcp-236.wpcp-post-carousel .wpcp-single-item:hover img, #sp-wp-carousel-free-id-236.sp-wpcp-236.wpcp-product-carousel .wpcp-single-item:hover img{-webkit-transform: scale(1.2);-moz-transform: scale(1.2);transform: scale(1.2);}#sp-wp-carousel-free-id-236 .wpcpro-row>[class*=\"wpcpro-col-\"] { padding: 0 10px; padding-bottom: 20px;} #sp-wp-carousel-free-id-236 .swiper-slide .single-item-fade:not(:last-child) { margin-right: 20px;}@media (min-width: 480px) { .wpcpro-row .wpcpro-col-sm-1 { flex: 0 0 100%; max-width: 100%; } .wpcpro-row .wpcpro-col-sm-2 { flex: 0 0 50%; max-width: 50%; } .wpcpro-row .wpcpro-col-sm-2-5 { flex: 0 0 75%; max-width: 75%; } .wpcpro-row .wpcpro-col-sm-3 { flex: 0 0 33.333%; max-width: 33.333%; } .wpcpro-row .wpcpro-col-sm-4 { flex: 0 0 25%; max-width: 25%; } .wpcpro-row .wpcpro-col-sm-5 { flex: 0 0 20%; max-width: 20%; } .wpcpro-row .wpcpro-col-sm-6 { flex: 0 0 16.66666666666667%; max-width: 16.66666666666667%; } .wpcpro-row .wpcpro-col-sm-7 { flex: 0 0 14.28571428%; max-width: 14.28571428%; } .wpcpro-row .wpcpro-col-sm-8 { flex: 0 0 12.5%; max-width: 12.5%; } } @media (max-width: 480px) { .wpcpro-row .wpcpro-col-xs-1 { flex: 0 0 100%; max-width: 100%; } .wpcpro-row .wpcpro-col-xs-2 { flex: 0 0 50%; max-width: 50%; } .wpcpro-row .wpcpro-col-xs-3 { flex: 0 0 33.222%; max-width: 33.222%; } .wpcpro-row .wpcpro-col-xs-4 { flex: 0 0 25%; max-width: 25%; } .wpcpro-row .wpcpro-col-xs-5 { flex: 0 0 20%; max-width: 20%; } .wpcpro-row .wpcpro-col-xs-6 { flex: 0 0 16.6667%; max-width: 16.6667%; } .wpcpro-row .wpcpro-col-xs-7 { flex: 0 0 14.28571428%; max-width: 14.28571428%; } .wpcpro-row .wpcpro-col-xs-8 { flex: 0 0 12.5%; max-width: 12.5%; } } @media (min-width: 736px) { .wpcpro-row .wpcpro-col-md-1 { flex: 0 0 100%; max-width: 100%; } .wpcpro-row .wpcpro-col-md-2 { flex: 0 0 50%; max-width: 50%; } .wpcpro-row .wpcpro-col-md-2-5 { flex: 0 0 75%; max-width: 75%; } .wpcpro-row .wpcpro-col-md-3 { flex: 0 0 33.333%; max-width: 33.333%; } .wpcpro-row .wpcpro-col-md-4 { flex: 0 0 25%; max-width: 25%; } .wpcpro-row .wpcpro-col-md-5 { flex: 0 0 20%; max-width: 20%; } .wpcpro-row .wpcpro-col-md-6 { flex: 0 0 16.66666666666667%; max-width: 16.66666666666667%; } .wpcpro-row .wpcpro-col-md-7 { flex: 0 0 14.28571428%; max-width: 14.28571428%; } .wpcpro-row .wpcpro-col-md-8 { flex: 0 0 12.5%; max-width: 12.5%; } } @media (min-width: 980px) { .wpcpro-row .wpcpro-col-lg-1 { flex: 0 0 100%; max-width: 100%; } .wpcpro-row .wpcpro-col-lg-2 { flex: 0 0 50%; max-width: 50%; } .wpcpro-row .wpcpro-col-lg-3 { flex: 0 0 33.222%; max-width: 33.222%; } .wpcpro-row .wpcpro-col-lg-4 { flex: 0 0 25%; max-width: 25%; } .wpcpro-row .wpcpro-col-lg-5 { flex: 0 0 20%; max-width: 20%; } .wpcpro-row .wpcpro-col-lg-6 { flex: 0 0 16.6667%; max-width: 16.6667%; } .wpcpro-row .wpcpro-col-lg-7 { flex: 0 0 14.28571428%; max-width: 14.28571428%; } .wpcpro-row .wpcpro-col-lg-8 { flex: 0 0 12.5%; max-width: 12.5%; } } @media (min-width: 1200px) { .wpcpro-row .wpcpro-col-xl-1 { flex: 0 0 100%; max-width: 100%; } .wpcpro-row .wpcpro-col-xl-2 { flex: 0 0 50%; max-width: 50%; } .wpcpro-row .wpcpro-col-xl-3 { flex: 0 0 33.22222222%; max-width: 33.22222222%; } .wpcpro-row .wpcpro-col-xl-4 { flex: 0 0 25%; max-width: 25%; } .wpcpro-row .wpcpro-col-xl-5 { flex: 0 0 20%; max-width: 20%; } .wpcpro-row .wpcpro-col-xl-6 { flex: 0 0 16.66667%; max-width: 16.66667%; } .wpcpro-row .wpcpro-col-xl-7 { flex: 0 0 14.28571428%; max-width: 14.28571428%; } .wpcpro-row .wpcpro-col-xl-8 { flex: 0 0 12.5%; max-width: 12.5%; } }<\/style><div class=\"wpcp-carousel-wrapper wpcp-wrapper-236\">\n\t<div id=\"wpcp-preloader-236\" class=\"wpcp-carousel-preloader\"><img decoding=\"async\" src=\"https:\/\/www.koelbl.co.at\/de\/wp-content\/plugins\/wp-carousel-free\/public\/css\/spinner.svg\" alt=\"Preloader Image\" \/><\/div>\t<div class=\"wpcp-carousel-content-wrapper\">\n\t<div id=\"sp-wp-carousel-free-id-236\" class=\"wpcp-carousel-section sp-wpcp-236  nav-vertical-center wpcp-image-carousel wpcp-preloader wpcp-standard\" data-swiper='{ &quot;accessibility&quot;:true, &quot;spaceBetween&quot;:20, &quot;arrows&quot;:true, &quot;freeMode&quot;: false, &quot;autoplay&quot;:false, &quot;effect&quot;: &quot;&quot;, &quot;centerMode&quot;: false, &quot;autoplaySpeed&quot;:3000, &quot;dots&quot;:true, &quot;infinite&quot;:false, &quot;speed&quot;:600, &quot;pauseOnHover&quot;:true,\n\t\t\t&quot;slidesToShow&quot;:{&quot;lg_desktop&quot;:2, &quot;desktop&quot;: 2, &quot;laptop&quot;: 2, &quot;tablet&quot;: 2, &quot;mobile&quot;: 1}, &quot;responsive&quot;:{&quot;desktop&quot;:1200, &quot;laptop&quot;: 980, &quot;tablet&quot;: 736, &quot;mobile&quot;: 480}, &quot;rtl&quot;:false, &quot;lazyLoad&quot;: &quot;false&quot;, &quot;swipe&quot;: true, &quot;draggable&quot;: true, &quot;swipeToSlide&quot;:false }' dir=\"ltr\">\n\t\t<div class=\"swiper-wrapper\">\n\t\t<div class=\"swiper-slide\">\n\t<div class=\"wpcp-single-item\">\n\t\t\t<a class=\"wcp-light-box\" data-buttons='[\"close\"]' data-wpc_url='https:\/\/www.koelbl.co.at\/de\/wp-content\/uploads\/sites\/2\/2019\/09\/Entrindung_Koelbl.jpg' href=\"https:\/\/www.koelbl.co.at\/de\/wp-content\/uploads\/sites\/2\/2019\/09\/Entrindung_Koelbl.jpg\" data-fancybox=\"wpcp_view\">\n\t\t<figure>\n\t\t\t<img loading=\"lazy\" decoding=\"async\" class=\"skip-lazy\" src=\"https:\/\/www.koelbl.co.at\/de\/wp-content\/uploads\/sites\/2\/2019\/09\/Entrindung_Koelbl.jpg\" alt=\"Entrindung_Koelbl\" width=\"2000\" height=\"1333\">\t\t<\/figure>\n\t<\/a>\n\t\t<\/div>\n<\/div>\n\t<div class=\"swiper-slide\">\n\t<div class=\"wpcp-single-item\">\n\t\t\t<a class=\"wcp-light-box\" data-buttons='[\"close\"]' data-wpc_url='https:\/\/www.koelbl.co.at\/de\/wp-content\/uploads\/sites\/2\/2019\/09\/Entrindung_Service_Koelbl.jpg' href=\"https:\/\/www.koelbl.co.at\/de\/wp-content\/uploads\/sites\/2\/2019\/09\/Entrindung_Service_Koelbl.jpg\" data-fancybox=\"wpcp_view\">\n\t\t<figure>\n\t\t\t<img loading=\"lazy\" decoding=\"async\" class=\"skip-lazy\" src=\"https:\/\/www.koelbl.co.at\/de\/wp-content\/uploads\/sites\/2\/2019\/09\/Entrindung_Service_Koelbl.jpg\" alt=\"Entrindung_Service_Koelbl\" width=\"2000\" height=\"1333\">\t\t<\/figure>\n\t<\/a>\n\t\t<\/div>\n<\/div>\n\t<div class=\"swiper-slide\">\n\t<div class=\"wpcp-single-item\">\n\t\t\t<a class=\"wcp-light-box\" data-buttons='[\"close\"]' data-wpc_url='https:\/\/www.koelbl.co.at\/de\/wp-content\/uploads\/sites\/2\/2019\/09\/Service_Entrindung_Koelbl.jpg' href=\"https:\/\/www.koelbl.co.at\/de\/wp-content\/uploads\/sites\/2\/2019\/09\/Service_Entrindung_Koelbl.jpg\" data-fancybox=\"wpcp_view\">\n\t\t<figure>\n\t\t\t<img loading=\"lazy\" decoding=\"async\" class=\"skip-lazy\" src=\"https:\/\/www.koelbl.co.at\/de\/wp-content\/uploads\/sites\/2\/2019\/09\/Service_Entrindung_Koelbl.jpg\" alt=\"Service_Entrindung_Koelbl\" width=\"2000\" height=\"1333\">\t\t<\/figure>\n\t<\/a>\n\t\t<\/div>\n<\/div>\n\t<div class=\"swiper-slide\">\n\t<div class=\"wpcp-single-item\">\n\t\t\t<a class=\"wcp-light-box\" data-buttons='[\"close\"]' data-wpc_url='https:\/\/www.koelbl.co.at\/de\/wp-content\/uploads\/sites\/2\/2019\/09\/Service_Koelbl.jpg' href=\"https:\/\/www.koelbl.co.at\/de\/wp-content\/uploads\/sites\/2\/2019\/09\/Service_Koelbl.jpg\" data-fancybox=\"wpcp_view\">\n\t\t<figure>\n\t\t\t<img loading=\"lazy\" decoding=\"async\" class=\"skip-lazy\" src=\"https:\/\/www.koelbl.co.at\/de\/wp-content\/uploads\/sites\/2\/2019\/09\/Service_Koelbl.jpg\" alt=\"Service_Koelbl\" width=\"2000\" height=\"1333\">\t\t<\/figure>\n\t<\/a>\n\t\t<\/div>\n<\/div>\n\t\t\t<\/div>\n\t\t\t\t\t<div class=\"wpcp-swiper-dots swiper-pagination\"><\/div>\n\t\t\t\t<!-- If we need navigation buttons -->\n\t\t\t\t\t<div class=\"wpcp-prev-button swiper-button-prev\"><i class=\"fa fa-angle-left\"><\/i><\/div>\n\t\t\t<div class=\"wpcp-next-button swiper-button-next\"><i class=\"fa fa-angle-right\"><\/i><\/div>\n\t\t\t<\/div>\n\t<\/div>\n<\/div>\n[\/et_pb_fullwidth_code][\/et_pb_section][et_pb_section fb_built=&#8220;1&#8243; custom_padding_last_edited=&#8220;on|tablet&#8220; _builder_version=&#8220;3.27.4&#8243; background_image=&#8220;https:\/\/www.koelbl.co.at\/de\/wp-content\/uploads\/sites\/2\/2019\/09\/footer.jpg&#8220; custom_padding=&#8220;153px||153px||true|false&#8220; custom_padding_tablet=&#8220;50px||50px||true|false&#8220; custom_padding_phone=&#8220;&#8220; global_module=&#8220;232&#8243; saved_tabs=&#8220;all&#8220; global_colors_info=&#8220;{}&#8220;][et_pb_row column_structure=&#8220;1_3,1_3,1_3&#8243; _builder_version=&#8220;4.16&#8243; global_colors_info=&#8220;{}&#8220;][et_pb_column type=&#8220;1_3&#8243; _builder_version=&#8220;4.16&#8243; global_colors_info=&#8220;{}&#8220;][et_pb_button button_url=&#8220;\/de\/unternehmen\/geschichte&#8220; button_text=&#8220;Unsere Geschichte&#8220; button_alignment=&#8220;center&#8220; module_class=&#8220;white&#8220; _builder_version=&#8220;4.16&#8243; global_colors_info=&#8220;{}&#8220;][\/et_pb_button][\/et_pb_column][et_pb_column type=&#8220;1_3&#8243; _builder_version=&#8220;4.16&#8243; global_colors_info=&#8220;{}&#8220;][et_pb_button button_url=&#8220;\/de\/unternehmen\/maerkte\/&#8220; button_text=&#8220;Unsere M\u00e4rkte&#8220; button_alignment=&#8220;center&#8220; module_class=&#8220;white&#8220; _builder_version=&#8220;4.16&#8243; global_colors_info=&#8220;{}&#8220;][\/et_pb_button][\/et_pb_column][et_pb_column type=&#8220;1_3&#8243; _builder_version=&#8220;4.16&#8243; global_colors_info=&#8220;{}&#8220;][et_pb_button button_url=&#8220;\/de\/unternehmen\/news\/&#8220; button_text=&#8220;Unsere News&#8220; button_alignment=&#8220;center&#8220; module_class=&#8220;white&#8220; _builder_version=&#8220;4.16&#8243; global_colors_info=&#8220;{}&#8220;][\/et_pb_button][\/et_pb_column][\/et_pb_row][\/et_pb_section]<\/p>\n","protected":false},"excerpt":{"rendered":"<p>ENTRINDEN, REDUZIEREN, REINIGENMobile EntrindungHaben Sie Rundholz, dass Sie gerne entrindet haben m\u00f6chten? Sind auf Ihrem Rundholzplatz \u00fcbergro\u00dfe St\u00e4mme, die Sie aus diesem Grund nicht selber schneiden k\u00f6nnen? Dann sind Sie bei uns genau richtig! Wir kommen zu Ihnen und eintrinden, reduzieren, fr\u00e4sen &amp; reinigen Ihre Rundh\u00f6lzer nach Ihren Bed\u00fcrfnissen und Vorstellungen. Telefonische Anfragen an Hr. [&hellip;]<\/p>\n","protected":false},"author":2,"featured_media":0,"parent":960,"menu_order":0,"comment_status":"closed","ping_status":"closed","template":"","meta":{"_acf_changed":false,"_et_pb_use_builder":"on","_et_pb_old_content":"","_et_gb_content_width":"","footnotes":""},"class_list":["post-398","page","type-page","status-publish","hentry"],"acf":[],"yoast_head":"<!-- This site is optimized with the Yoast SEO plugin v23.9 - https:\/\/yoast.com\/wordpress\/plugins\/seo\/ -->\n<title>Entrindung - K\u00f6lbl European Tonewood DE<\/title>\n<meta name=\"robots\" content=\"index, follow, max-snippet:-1, max-image-preview:large, max-video-preview:-1\" \/>\n<link rel=\"canonical\" href=\"https:\/\/www.koelbl.co.at\/de\/service\/entrindung\/\" \/>\n<meta property=\"og:locale\" content=\"de_DE\" \/>\n<meta property=\"og:type\" content=\"article\" \/>\n<meta property=\"og:title\" content=\"Entrindung - K\u00f6lbl European Tonewood DE\" \/>\n<meta property=\"og:description\" content=\"ENTRINDEN, REDUZIEREN, REINIGENMobile EntrindungHaben Sie Rundholz, dass Sie gerne entrindet haben m\u00f6chten? Sind auf Ihrem Rundholzplatz \u00fcbergro\u00dfe St\u00e4mme, die Sie aus diesem Grund nicht selber schneiden k\u00f6nnen? Dann sind Sie bei uns genau richtig! Wir kommen zu Ihnen und eintrinden, reduzieren, fr\u00e4sen &amp; reinigen Ihre Rundh\u00f6lzer nach Ihren Bed\u00fcrfnissen und Vorstellungen. Telefonische Anfragen an Hr. [&hellip;]\" \/>\n<meta property=\"og:url\" content=\"https:\/\/www.koelbl.co.at\/de\/service\/entrindung\/\" \/>\n<meta property=\"og:site_name\" content=\"K\u00f6lbl European Tonewood DE\" \/>\n<meta property=\"article:modified_time\" content=\"2025-11-11T07:25:35+00:00\" \/>\n<meta name=\"twitter:card\" content=\"summary_large_image\" \/>\n<meta name=\"twitter:label1\" content=\"Gesch\u00e4tzte Lesezeit\" \/>\n\t<meta name=\"twitter:data1\" content=\"4 Minuten\" \/>\n<script type=\"application\/ld+json\" class=\"yoast-schema-graph\">{\"@context\":\"https:\/\/schema.org\",\"@graph\":[{\"@type\":\"WebPage\",\"@id\":\"https:\/\/www.koelbl.co.at\/de\/service\/entrindung\/\",\"url\":\"https:\/\/www.koelbl.co.at\/de\/service\/entrindung\/\",\"name\":\"Entrindung - K\u00f6lbl European Tonewood DE\",\"isPartOf\":{\"@id\":\"https:\/\/www.koelbl.co.at\/de\/#website\"},\"datePublished\":\"2019-09-20T05:09:33+00:00\",\"dateModified\":\"2025-11-11T07:25:35+00:00\",\"breadcrumb\":{\"@id\":\"https:\/\/www.koelbl.co.at\/de\/service\/entrindung\/#breadcrumb\"},\"inLanguage\":\"de\",\"potentialAction\":[{\"@type\":\"ReadAction\",\"target\":[\"https:\/\/www.koelbl.co.at\/de\/service\/entrindung\/\"]}]},{\"@type\":\"BreadcrumbList\",\"@id\":\"https:\/\/www.koelbl.co.at\/de\/service\/entrindung\/#breadcrumb\",\"itemListElement\":[{\"@type\":\"ListItem\",\"position\":1,\"name\":\"Startseite\",\"item\":\"https:\/\/www.koelbl.co.at\/de\/\"},{\"@type\":\"ListItem\",\"position\":2,\"name\":\"Service\",\"item\":\"https:\/\/www.koelbl.co.at\/de\/service\/\"},{\"@type\":\"ListItem\",\"position\":3,\"name\":\"Entrindung\"}]},{\"@type\":\"WebSite\",\"@id\":\"https:\/\/www.koelbl.co.at\/de\/#website\",\"url\":\"https:\/\/www.koelbl.co.at\/de\/\",\"name\":\"K\u00f6lbl European Tonewood\",\"description\":\"The sound of the alps\",\"publisher\":{\"@id\":\"https:\/\/www.koelbl.co.at\/de\/#organization\"},\"potentialAction\":[{\"@type\":\"SearchAction\",\"target\":{\"@type\":\"EntryPoint\",\"urlTemplate\":\"https:\/\/www.koelbl.co.at\/de\/?s={search_term_string}\"},\"query-input\":{\"@type\":\"PropertyValueSpecification\",\"valueRequired\":true,\"valueName\":\"search_term_string\"}}],\"inLanguage\":\"de\"},{\"@type\":\"Organization\",\"@id\":\"https:\/\/www.koelbl.co.at\/de\/#organization\",\"name\":\"K\u00f6lbl European Tonewood\",\"url\":\"https:\/\/www.koelbl.co.at\/de\/\",\"logo\":{\"@type\":\"ImageObject\",\"inLanguage\":\"de\",\"@id\":\"https:\/\/www.koelbl.co.at\/de\/#\/schema\/logo\/image\/\",\"url\":\"https:\/\/www.koelbl.co.at\/de\/wp-content\/uploads\/sites\/2\/2019\/09\/logo-dark.png\",\"contentUrl\":\"https:\/\/www.koelbl.co.at\/de\/wp-content\/uploads\/sites\/2\/2019\/09\/logo-dark.png\",\"width\":438,\"height\":156,\"caption\":\"K\u00f6lbl European Tonewood\"},\"image\":{\"@id\":\"https:\/\/www.koelbl.co.at\/de\/#\/schema\/logo\/image\/\"}}]}<\/script>\n<!-- \/ Yoast SEO plugin. -->","yoast_head_json":{"title":"Entrindung - K\u00f6lbl European Tonewood DE","robots":{"index":"index","follow":"follow","max-snippet":"max-snippet:-1","max-image-preview":"max-image-preview:large","max-video-preview":"max-video-preview:-1"},"canonical":"https:\/\/www.koelbl.co.at\/de\/service\/entrindung\/","og_locale":"de_DE","og_type":"article","og_title":"Entrindung - K\u00f6lbl European Tonewood DE","og_description":"ENTRINDEN, REDUZIEREN, REINIGENMobile EntrindungHaben Sie Rundholz, dass Sie gerne entrindet haben m\u00f6chten? Sind auf Ihrem Rundholzplatz \u00fcbergro\u00dfe St\u00e4mme, die Sie aus diesem Grund nicht selber schneiden k\u00f6nnen? Dann sind Sie bei uns genau richtig! Wir kommen zu Ihnen und eintrinden, reduzieren, fr\u00e4sen &amp; reinigen Ihre Rundh\u00f6lzer nach Ihren Bed\u00fcrfnissen und Vorstellungen. Telefonische Anfragen an Hr. [&hellip;]","og_url":"https:\/\/www.koelbl.co.at\/de\/service\/entrindung\/","og_site_name":"K\u00f6lbl European Tonewood DE","article_modified_time":"2025-11-11T07:25:35+00:00","twitter_card":"summary_large_image","twitter_misc":{"Gesch\u00e4tzte Lesezeit":"4 Minuten"},"schema":{"@context":"https:\/\/schema.org","@graph":[{"@type":"WebPage","@id":"https:\/\/www.koelbl.co.at\/de\/service\/entrindung\/","url":"https:\/\/www.koelbl.co.at\/de\/service\/entrindung\/","name":"Entrindung - K\u00f6lbl European Tonewood DE","isPartOf":{"@id":"https:\/\/www.koelbl.co.at\/de\/#website"},"datePublished":"2019-09-20T05:09:33+00:00","dateModified":"2025-11-11T07:25:35+00:00","breadcrumb":{"@id":"https:\/\/www.koelbl.co.at\/de\/service\/entrindung\/#breadcrumb"},"inLanguage":"de","potentialAction":[{"@type":"ReadAction","target":["https:\/\/www.koelbl.co.at\/de\/service\/entrindung\/"]}]},{"@type":"BreadcrumbList","@id":"https:\/\/www.koelbl.co.at\/de\/service\/entrindung\/#breadcrumb","itemListElement":[{"@type":"ListItem","position":1,"name":"Startseite","item":"https:\/\/www.koelbl.co.at\/de\/"},{"@type":"ListItem","position":2,"name":"Service","item":"https:\/\/www.koelbl.co.at\/de\/service\/"},{"@type":"ListItem","position":3,"name":"Entrindung"}]},{"@type":"WebSite","@id":"https:\/\/www.koelbl.co.at\/de\/#website","url":"https:\/\/www.koelbl.co.at\/de\/","name":"K\u00f6lbl European Tonewood","description":"The sound of the alps","publisher":{"@id":"https:\/\/www.koelbl.co.at\/de\/#organization"},"potentialAction":[{"@type":"SearchAction","target":{"@type":"EntryPoint","urlTemplate":"https:\/\/www.koelbl.co.at\/de\/?s={search_term_string}"},"query-input":{"@type":"PropertyValueSpecification","valueRequired":true,"valueName":"search_term_string"}}],"inLanguage":"de"},{"@type":"Organization","@id":"https:\/\/www.koelbl.co.at\/de\/#organization","name":"K\u00f6lbl European Tonewood","url":"https:\/\/www.koelbl.co.at\/de\/","logo":{"@type":"ImageObject","inLanguage":"de","@id":"https:\/\/www.koelbl.co.at\/de\/#\/schema\/logo\/image\/","url":"https:\/\/www.koelbl.co.at\/de\/wp-content\/uploads\/sites\/2\/2019\/09\/logo-dark.png","contentUrl":"https:\/\/www.koelbl.co.at\/de\/wp-content\/uploads\/sites\/2\/2019\/09\/logo-dark.png","width":438,"height":156,"caption":"K\u00f6lbl European Tonewood"},"image":{"@id":"https:\/\/www.koelbl.co.at\/de\/#\/schema\/logo\/image\/"}}]}},"_links":{"self":[{"href":"https:\/\/www.koelbl.co.at\/de\/wp-json\/wp\/v2\/pages\/398","targetHints":{"allow":["GET"]}}],"collection":[{"href":"https:\/\/www.koelbl.co.at\/de\/wp-json\/wp\/v2\/pages"}],"about":[{"href":"https:\/\/www.koelbl.co.at\/de\/wp-json\/wp\/v2\/types\/page"}],"author":[{"embeddable":true,"href":"https:\/\/www.koelbl.co.at\/de\/wp-json\/wp\/v2\/users\/2"}],"replies":[{"embeddable":true,"href":"https:\/\/www.koelbl.co.at\/de\/wp-json\/wp\/v2\/comments?post=398"}],"version-history":[{"count":28,"href":"https:\/\/www.koelbl.co.at\/de\/wp-json\/wp\/v2\/pages\/398\/revisions"}],"predecessor-version":[{"id":4165,"href":"https:\/\/www.koelbl.co.at\/de\/wp-json\/wp\/v2\/pages\/398\/revisions\/4165"}],"up":[{"embeddable":true,"href":"https:\/\/www.koelbl.co.at\/de\/wp-json\/wp\/v2\/pages\/960"}],"wp:attachment":[{"href":"https:\/\/www.koelbl.co.at\/de\/wp-json\/wp\/v2\/media?parent=398"}],"curies":[{"name":"wp","href":"https:\/\/api.w.org\/{rel}","templated":true}]}}