{"id":317,"date":"2019-09-10T14:05:56","date_gmt":"2019-09-10T12:05:56","guid":{"rendered":"https:\/\/koelbl.8create.at\/de\/unternehmen\/team\/"},"modified":"2025-09-15T07:06:36","modified_gmt":"2025-09-15T05:06:36","slug":"team","status":"publish","type":"page","link":"https:\/\/www.koelbl.co.at\/de\/unternehmen\/team\/","title":{"rendered":"Team"},"content":{"rendered":"<p>[et_pb_section fb_built=&#8220;1&#8243; module_class=&#8220;header&#8220; _builder_version=&#8220;4.16&#8243; background_color=&#8220;#432f1d&#8220; background_image=&#8220;https:\/\/www.koelbl.co.at\/de\/wp-content\/uploads\/sites\/2\/2019\/10\/gesamtbild_koelbl.jpg&#8220; background_position=&#8220;bottom_center&#8220; height=&#8220;668px&#8220; height_tablet=&#8220;512px&#8220; height_phone=&#8220;350px&#8220; height_last_edited=&#8220;on|phone&#8220; custom_margin=&#8220;||0px||false|false&#8220; custom_padding=&#8220;||0px||false|false&#8220; background_last_edited=&#8220;on|phone&#8220; background_image_phone=&#8220;https:\/\/www.koelbl.co.at\/de\/wp-content\/uploads\/sites\/2\/2023\/05\/koelbl-mobil-team.jpg&#8220; background_enable_image_phone=&#8220;on&#8220; custom_css_main_element=&#8220;display: flex;||align-items: flex-end;||justify-content:center;&#8220; global_colors_info=&#8220;{}&#8220; background__hover_enabled=&#8220;off|desktop&#8220;][et_pb_row _builder_version=&#8220;4.16&#8243; width_tablet=&#8220;&#8220; width_phone=&#8220;&#8220; width_last_edited=&#8220;on|phone&#8220; max_width=&#8220;1000px&#8220; custom_margin=&#8220;0px||||false|false&#8220; custom_margin_tablet=&#8220;0px||||false|false&#8220; custom_margin_phone=&#8220;0px||||false|false&#8220; custom_margin_last_edited=&#8220;on|desktop&#8220; custom_padding=&#8220;||45px||false|false&#8220; custom_css_main_element=&#8220;margin:inherit;&#8220; global_colors_info=&#8220;{}&#8220;][et_pb_column type=&#8220;4_4&#8243; _builder_version=&#8220;4.16&#8243; global_colors_info=&#8220;{}&#8220;][et_pb_text content_tablet=&#8220;<\/p>\n<h1>DIE HOLZVERSTEHER<\/h1>\n<p>&#8220; content_phone=&#8220;<\/p>\n<h1>DIE HOLZ-<br \/> VERSTEHER<\/h1>\n<p>&#8220; content_last_edited=&#8220;on|tablet&#8220; _builder_version=&#8220;4.16&#8243; text_text_color=&#8220;#ffffff&#8220; header_text_color=&#8220;#ffffff&#8220; text_orientation=&#8220;center&#8220; width=&#8220;100%&#8220; width_tablet=&#8220;100%&#8220; width_phone=&#8220;&#8220; width_last_edited=&#8220;on|phone&#8220; module_alignment=&#8220;center&#8220; header_text_shadow_style=&#8220;preset2&#8243; header_text_shadow_horizontal_length=&#8220;0em&#8220; header_text_shadow_vertical_length=&#8220;0em&#8220; header_text_shadow_blur_strength=&#8220;0.05em&#8220; header_text_shadow_color=&#8220;rgba(0,0,0,0.15)&#8220; global_colors_info=&#8220;{}&#8220;]<\/p>\n<h1>DIE HOLZVERSTEHER<\/h1>\n<p>[\/et_pb_text][\/et_pb_column][\/et_pb_row][\/et_pb_section][et_pb_section fb_built=&#8220;1&#8243; _builder_version=&#8220;4.16&#8243; custom_padding=&#8220;||61px||false|false&#8220; animation_style=&#8220;fade&#8220; animation_direction=&#8220;top&#8220; global_colors_info=&#8220;{}&#8220;][et_pb_row _builder_version=&#8220;4.16&#8243; custom_padding=&#8220;0px||||false|false&#8220; global_colors_info=&#8220;{}&#8220;][et_pb_column type=&#8220;4_4&#8243; _builder_version=&#8220;4.16&#8243; global_colors_info=&#8220;{}&#8220;][et_pb_text module_class=&#8220;separator&#8220; _builder_version=&#8220;4.16&#8243; text_orientation=&#8220;center&#8220; width=&#8220;66%&#8220; width_tablet=&#8220;100%&#8220; width_phone=&#8220;&#8220; width_last_edited=&#8220;on|tablet&#8220; module_alignment=&#8220;center&#8220; global_colors_info=&#8220;{}&#8220;]<\/p>\n<h2>Unser Team stellt<br \/>sich vor<\/h2>\n<p>[\/et_pb_text][et_pb_text module_class=&#8220;serif&#8220; _builder_version=&#8220;4.27.4&#8243; text_font=&#8220;|||on|||||&#8220; text_orientation=&#8220;center&#8220; width=&#8220;60%&#8220; width_tablet=&#8220;100%&#8220; width_phone=&#8220;&#8220; width_last_edited=&#8220;on|tablet&#8220; module_alignment=&#8220;center&#8220; custom_margin=&#8220;-22px||||false|false&#8220; global_colors_info=&#8220;{}&#8220;]<\/p>\n<p>Unsere <a href=\"https:\/\/www.koelbl.co.at\/de\/hochwertige-verarbeitung-bei-koelbl\/%20\" target=\"_blank\" rel=\"noopener\">Mitarbeiterinnen und Mitarbeiter<\/a> vollbringen, was selbst die innovativsten Maschinen niemals leisten werden.<\/p>\n<p>[\/et_pb_text][\/et_pb_column][\/et_pb_row][et_pb_row _builder_version=&#8220;4.16&#8243; global_colors_info=&#8220;{}&#8220;][et_pb_column type=&#8220;4_4&#8243; _builder_version=&#8220;4.16&#8243; global_colors_info=&#8220;{}&#8220;][et_pb_text _builder_version=&#8220;4.16&#8243; custom_margin_tablet=&#8220;&#8220; custom_margin_phone=&#8220;||0px||false|false&#8220; custom_margin_last_edited=&#8220;on|phone&#8220; custom_padding=&#8220;||0px||false|false&#8220; custom_padding_tablet=&#8220;&#8220; custom_padding_phone=&#8220;&#8220; custom_padding_last_edited=&#8220;on|phone&#8220; global_colors_info=&#8220;{}&#8220;]<\/p>\n<h3><strong>Gesch\u00e4ftsf\u00fchrung<\/strong><\/h3>\n<p>[\/et_pb_text][\/et_pb_column][\/et_pb_row][et_pb_row column_structure=&#8220;1_2,1_2&#8243; make_equal=&#8220;on&#8220; _builder_version=&#8220;4.16&#8243; custom_margin=&#8220;0px||||false|false&#8220; custom_margin_tablet=&#8220;-25px||||false|false&#8220; custom_margin_phone=&#8220;-25px|auto||auto|false|false&#8220; custom_margin_last_edited=&#8220;on|phone&#8220; custom_padding=&#8220;0px||60px|||&#8220; global_colors_info=&#8220;{}&#8220;][et_pb_column type=&#8220;1_2&#8243; _builder_version=&#8220;4.16&#8243; custom_css_main_element=&#8220;margin:auto;&#8220; global_colors_info=&#8220;{}&#8220;][et_pb_image src=&#8220;https:\/\/www.koelbl.co.at\/de\/wp-content\/uploads\/sites\/2\/2022\/07\/IMGR3384-1-e1657800980279.jpg&#8220; _builder_version=&#8220;4.16&#8243; global_colors_info=&#8220;{}&#8220;][\/et_pb_image][\/et_pb_column][et_pb_column type=&#8220;1_2&#8243; _builder_version=&#8220;4.16&#8243; custom_css_main_element=&#8220;margin:auto;&#8220; global_colors_info=&#8220;{}&#8220;][et_pb_text _builder_version=&#8220;4.16&#8243; min_height=&#8220;352px&#8220; custom_margin=&#8220;64px||||false|false&#8220; custom_margin_tablet=&#8220;30px||||false|false&#8220; custom_margin_phone=&#8220;&#8220; custom_margin_last_edited=&#8220;on|tablet&#8220; custom_padding=&#8220;0px|||||&#8220; global_colors_info=&#8220;{}&#8220;]<\/p>\n<p><span style=\"font-size: 24px;line-height: 31px;font-family: MerriweatherSans-Bold, Arial\">Gesch\u00e4ftsf\u00fchrender Gesellschafter<\/span><\/p>\n<p>Ing. Christoph K\u00f6lbl<\/p>\n<p>T: +43 7281 6317-0<br \/> E: <a href=\"mailto:m.leitner@koelbl.co.at\">c.koelbl@koelbl.co.at\u00a0<\/a><\/p>\n<p>&nbsp;<\/p>\n<p><span style=\"font-size: 24px;line-height: 31px;font-family: MerriweatherSans-Bold, Arial\">Prokurist &amp; Betriebsleiter<\/span><\/p>\n<p>Dipl.-Ing. (FH) Peter Sexlinger<\/p>\n<p>T: +43 7281 6317-0<br \/> M: +43 680-31 47 175<br \/> E: <a href=\"mailto:p.sexlinger@koelbl.co.at\">p.sexlinger@koelbl.co.at<\/a><br \/> <a href=\"mailto:m.leitner@koelbl.co.at\"><\/a><\/p>\n<p>[\/et_pb_text][\/et_pb_column][\/et_pb_row][et_pb_row _builder_version=&#8220;4.16&#8243; custom_margin=&#8220;||||false|false&#8220; global_colors_info=&#8220;{}&#8220;][et_pb_column type=&#8220;4_4&#8243; _builder_version=&#8220;4.16&#8243; global_colors_info=&#8220;{}&#8220;][et_pb_text _builder_version=&#8220;4.16&#8243; global_colors_info=&#8220;{}&#8220;]<\/p>\n<h3><strong>Verwaltung &amp; Organisation &amp; werbung<br \/><\/strong><\/h3>\n<p>[\/et_pb_text][\/et_pb_column][\/et_pb_row][et_pb_row column_structure=&#8220;1_2,1_2&#8243; _builder_version=&#8220;4.16&#8243; custom_margin=&#8220;|auto|26px|auto||&#8220; global_colors_info=&#8220;{}&#8220;][et_pb_column type=&#8220;1_2&#8243; _builder_version=&#8220;4.16&#8243; global_colors_info=&#8220;{}&#8220;][et_pb_image src=&#8220;https:\/\/www.koelbl.co.at\/de\/wp-content\/uploads\/sites\/2\/2022\/07\/XT305987-e1657801834780.jpg&#8220; title_text=&#8220;K\u00d6LBL Team Member&#8220; _builder_version=&#8220;4.27.4&#8243; global_colors_info=&#8220;{}&#8220;][\/et_pb_image][\/et_pb_column][et_pb_column type=&#8220;1_2&#8243; _builder_version=&#8220;4.16&#8243; global_colors_info=&#8220;{}&#8220;][et_pb_text _builder_version=&#8220;4.27.4&#8243; global_colors_info=&#8220;{}&#8220;]<\/p>\n<p>&nbsp;<\/p>\n<p><span style=\"font-size: 24px;line-height: 31px;font-family: MerriweatherSans-Bold, Arial\">Stellvertretender Betriebsleiter\/F\u00f6rster<br \/><\/span><\/p>\n<p>Ing. F\u00f6. Mario Leitner<\/p>\n<p>T: +43 7281 6317-0<br \/>E: <a href=\"mailto:m.leitner@koelbl.co.at\">m.leitner@koelbl.co.at<\/a><\/p>\n<p>[\/et_pb_text][\/et_pb_column][\/et_pb_row][et_pb_row column_structure=&#8220;1_2,1_2&#8243; _builder_version=&#8220;4.16&#8243; custom_margin=&#8220;|auto|26px|auto||&#8220; global_colors_info=&#8220;{}&#8220;][et_pb_column type=&#8220;1_2&#8243; _builder_version=&#8220;4.16&#8243; global_colors_info=&#8220;{}&#8220;][et_pb_image src=&#8220;https:\/\/www.koelbl.co.at\/de\/wp-content\/uploads\/sites\/2\/2019\/09\/Fabian_Fuchs_Koelbl.jpg&#8220; _builder_version=&#8220;4.16&#8243; global_colors_info=&#8220;{}&#8220;][\/et_pb_image][\/et_pb_column][et_pb_column type=&#8220;1_2&#8243; _builder_version=&#8220;4.16&#8243; global_colors_info=&#8220;{}&#8220;][et_pb_text _builder_version=&#8220;4.16&#8243; global_colors_info=&#8220;{}&#8220;]<\/p>\n<p>&nbsp;<\/p>\n<p><span style=\"font-size: 24px;line-height: 31px;font-family: MerriweatherSans-Bold, Arial\">Assistent Betriebsleitung<br \/> <\/span><\/p>\n<p>Fabian Fuchs, BSc.<\/p>\n<p>T: +43 7281 6317-0<br \/> E: <a href=\"mailto:f.fuchs@koelbl.co.at\" target=\"_blank\" rel=\"noopener noreferrer\">f.fuchs@koelbl.co.at<\/a><\/p>\n<p>[\/et_pb_text][\/et_pb_column][\/et_pb_row][et_pb_row column_structure=&#8220;1_2,1_2&#8243; make_equal=&#8220;on&#8220; _builder_version=&#8220;4.16&#8243; custom_margin=&#8220;|auto|-57px|auto||&#8220; custom_padding=&#8220;0px||60px|||&#8220; global_colors_info=&#8220;{}&#8220;][et_pb_column type=&#8220;1_2&#8243; _builder_version=&#8220;4.16&#8243; custom_css_main_element=&#8220;margin:auto;&#8220; global_colors_info=&#8220;{}&#8220;][et_pb_image src=&#8220;https:\/\/www.koelbl.co.at\/de\/wp-content\/uploads\/sites\/2\/2019\/09\/Bettina_Fuchs-Koelbl.jpg&#8220; _builder_version=&#8220;4.16&#8243; global_colors_info=&#8220;{}&#8220;][\/et_pb_image][\/et_pb_column][et_pb_column type=&#8220;1_2&#8243; _builder_version=&#8220;4.16&#8243; custom_css_main_element=&#8220;margin:auto;&#8220; global_colors_info=&#8220;{}&#8220;][et_pb_text _builder_version=&#8220;4.16&#8243; custom_margin=&#8220;-100px||||false|false&#8220; custom_margin_tablet=&#8220;30px||||false|false&#8220; custom_margin_phone=&#8220;&#8220; custom_margin_last_edited=&#8220;on|tablet&#8220; custom_padding=&#8220;0px|||||&#8220; global_colors_info=&#8220;{}&#8220;]<span style=\"font-size: 24px;line-height: 31px;font-family: MerriweatherSans-Bold, Arial\">Ern\u00e4hrungsmedizinerin<br \/>\n<\/span><\/p>\n<p>Bettina K\u00f6lbl-Fuchs MSc.<\/p>\n<p>T: +43 7281 6317-0<br \/>\nE: <a href=\"mailto:b.koelbl-fuchs.co.at\">b.koelbl-fuchs@koelbl.co.at<\/a>[\/et_pb_text][\/et_pb_column][\/et_pb_row][et_pb_row column_structure=&#8220;1_2,1_2&#8243; make_equal=&#8220;on&#8220; _builder_version=&#8220;4.16&#8243; min_height=&#8220;382px&#8220; global_colors_info=&#8220;{}&#8220;][et_pb_column type=&#8220;1_2&#8243; _builder_version=&#8220;4.16&#8243; custom_css_main_element=&#8220;margin:auto;&#8220; global_colors_info=&#8220;{}&#8220;][et_pb_image src=&#8220;https:\/\/www.koelbl.co.at\/de\/wp-content\/uploads\/sites\/2\/2019\/09\/Tanja_Wakolbinger_Koelbl.jpg&#8220; _builder_version=&#8220;4.16&#8243; global_colors_info=&#8220;{}&#8220;][\/et_pb_image][\/et_pb_column][et_pb_column type=&#8220;1_2&#8243; _builder_version=&#8220;4.16&#8243; custom_css_main_element=&#8220;margin:auto;&#8220; global_colors_info=&#8220;{}&#8220;][et_pb_text _builder_version=&#8220;4.16&#8243; custom_margin=&#8220;-76px||||false|false&#8220; custom_margin_tablet=&#8220;30px||||false|false&#8220; custom_margin_phone=&#8220;&#8220; custom_margin_last_edited=&#8220;on|desktop&#8220; global_colors_info=&#8220;{}&#8220;]<\/p>\n<p><span style=\"font-size: 24px;line-height: 31px;font-family: MerriweatherSans-Bold, Arial\">Buchhaltung<\/span><\/p>\n<p>Tanja Wakolbinger<\/p>\n<p>T: +43 7281 6317-0<br \/> E: <a href=\"mailto:t.wakolbinger@koelbl.co.at\">t.wakolbinger@koelbl.co.at<\/a><\/p>\n<p>[\/et_pb_text][\/et_pb_column][\/et_pb_row][et_pb_row column_structure=&#8220;1_2,1_2&#8243; _builder_version=&#8220;4.16&#8243; custom_margin=&#8220;-8px|auto||auto||&#8220; global_colors_info=&#8220;{}&#8220;][et_pb_column type=&#8220;1_2&#8243; _builder_version=&#8220;4.16&#8243; global_colors_info=&#8220;{}&#8220;][et_pb_image src=&#8220;https:\/\/www.koelbl.co.at\/de\/wp-content\/uploads\/sites\/2\/2019\/09\/Meilin_Tonewood_Koelbl.jpg&#8220; _builder_version=&#8220;4.16&#8243; global_colors_info=&#8220;{}&#8220;][\/et_pb_image][\/et_pb_column][et_pb_column type=&#8220;1_2&#8243; _builder_version=&#8220;4.16&#8243; global_colors_info=&#8220;{}&#8220;][et_pb_text _builder_version=&#8220;4.16&#8243; min_height=&#8220;141px&#8220; custom_margin=&#8220;-20px|||||&#8220; custom_padding=&#8220;62px|||||&#8220; global_colors_info=&#8220;{}&#8220;]<\/p>\n<p><span style=\"font-size: 24px;line-height: 31px;font-family: MerriweatherSans-Bold, Arial\">Verkaufsleitung China<\/p>\n<p><\/span>Meilin Han<\/p>\n<p>T: +86 186 0219 3352<br \/> E: <a href=\"mailto:awpint@163.com\">awpint@163.com<\/a><\/p>\n<p>[\/et_pb_text][\/et_pb_column][\/et_pb_row][\/et_pb_section][et_pb_section fb_built=&#8220;1&#8243; custom_padding_last_edited=&#8220;on|tablet&#8220; _builder_version=&#8220;3.27.4&#8243; background_image=&#8220;https:\/\/www.koelbl.co.at\/de\/wp-content\/uploads\/sites\/2\/2019\/09\/footer.jpg&#8220; custom_padding=&#8220;153px||153px||true|false&#8220; custom_padding_tablet=&#8220;50px||50px||true|false&#8220; custom_padding_phone=&#8220;&#8220; global_module=&#8220;232&#8243; saved_tabs=&#8220;all&#8220; global_colors_info=&#8220;{}&#8220;][et_pb_row column_structure=&#8220;1_3,1_3,1_3&#8243; _builder_version=&#8220;4.16&#8243; global_colors_info=&#8220;{}&#8220;][et_pb_column type=&#8220;1_3&#8243; _builder_version=&#8220;4.16&#8243; global_colors_info=&#8220;{}&#8220;][et_pb_button button_url=&#8220;\/de\/unternehmen\/geschichte&#8220; button_text=&#8220;Unsere Geschichte&#8220; button_alignment=&#8220;center&#8220; module_class=&#8220;white&#8220; _builder_version=&#8220;4.16&#8243; global_colors_info=&#8220;{}&#8220;][\/et_pb_button][\/et_pb_column][et_pb_column type=&#8220;1_3&#8243; _builder_version=&#8220;4.16&#8243; global_colors_info=&#8220;{}&#8220;][et_pb_button button_url=&#8220;\/de\/unternehmen\/maerkte\/&#8220; button_text=&#8220;Unsere M\u00e4rkte&#8220; button_alignment=&#8220;center&#8220; module_class=&#8220;white&#8220; _builder_version=&#8220;4.16&#8243; global_colors_info=&#8220;{}&#8220;][\/et_pb_button][\/et_pb_column][et_pb_column type=&#8220;1_3&#8243; _builder_version=&#8220;4.16&#8243; global_colors_info=&#8220;{}&#8220;][et_pb_button button_url=&#8220;\/de\/unternehmen\/news\/&#8220; button_text=&#8220;Unsere News&#8220; button_alignment=&#8220;center&#8220; module_class=&#8220;white&#8220; _builder_version=&#8220;4.16&#8243; global_colors_info=&#8220;{}&#8220;][\/et_pb_button][\/et_pb_column][\/et_pb_row][\/et_pb_section]<\/p>\n","protected":false},"excerpt":{"rendered":"<p>DIE HOLZVERSTEHERUnser Team stelltsich vorUnsere Mitarbeiterinnen und Mitarbeiter vollbringen, was selbst die innovativsten Maschinen niemals leisten werden.Gesch\u00e4ftsf\u00fchrungGesch\u00e4ftsf\u00fchrender Gesellschafter Ing. Christoph K\u00f6lbl T: +43 7281 6317-0 E: c.koelbl@koelbl.co.at\u00a0 &nbsp; Prokurist &amp; Betriebsleiter Dipl.-Ing. (FH) Peter Sexlinger T: +43 7281 6317-0 M: +43 680-31 47 175 E: p.sexlinger@koelbl.co.at Verwaltung &amp; Organisation &amp; werbung&nbsp; Stellvertretender Betriebsleiter\/F\u00f6rster Ing. F\u00f6. [&hellip;]<\/p>\n","protected":false},"author":1,"featured_media":0,"parent":116,"menu_order":2,"comment_status":"closed","ping_status":"closed","template":"","meta":{"_acf_changed":false,"_et_pb_use_builder":"on","_et_pb_old_content":"","_et_gb_content_width":"","footnotes":""},"class_list":["post-317","page","type-page","status-publish","hentry"],"acf":[],"yoast_head":"<!-- This site is optimized with the Yoast SEO plugin v23.9 - https:\/\/yoast.com\/wordpress\/plugins\/seo\/ -->\n<title>Team - K\u00f6lbl European Tonewood DE<\/title>\n<meta name=\"robots\" content=\"index, follow, max-snippet:-1, max-image-preview:large, max-video-preview:-1\" \/>\n<link rel=\"canonical\" href=\"https:\/\/www.koelbl.co.at\/de\/unternehmen\/team\/\" \/>\n<meta property=\"og:locale\" content=\"de_DE\" \/>\n<meta property=\"og:type\" content=\"article\" \/>\n<meta property=\"og:title\" content=\"Team - K\u00f6lbl European Tonewood DE\" \/>\n<meta property=\"og:description\" content=\"DIE HOLZVERSTEHERUnser Team stelltsich vorUnsere Mitarbeiterinnen und Mitarbeiter vollbringen, was selbst die innovativsten Maschinen niemals leisten werden.Gesch\u00e4ftsf\u00fchrungGesch\u00e4ftsf\u00fchrender Gesellschafter Ing. Christoph K\u00f6lbl T: +43 7281 6317-0 E: c.koelbl@koelbl.co.at\u00a0 &nbsp; Prokurist &amp; Betriebsleiter Dipl.-Ing. (FH) Peter Sexlinger T: +43 7281 6317-0 M: +43 680-31 47 175 E: p.sexlinger@koelbl.co.at Verwaltung &amp; Organisation &amp; werbung&nbsp; Stellvertretender Betriebsleiter\/F\u00f6rster Ing. F\u00f6. [&hellip;]\" \/>\n<meta property=\"og:url\" content=\"https:\/\/www.koelbl.co.at\/de\/unternehmen\/team\/\" \/>\n<meta property=\"og:site_name\" content=\"K\u00f6lbl European Tonewood DE\" \/>\n<meta property=\"article:modified_time\" content=\"2025-09-15T05:06:36+00:00\" \/>\n<meta name=\"twitter:card\" content=\"summary_large_image\" \/>\n<meta name=\"twitter:label1\" content=\"Gesch\u00e4tzte Lesezeit\" \/>\n\t<meta name=\"twitter:data1\" content=\"7 Minuten\" \/>\n<script type=\"application\/ld+json\" class=\"yoast-schema-graph\">{\"@context\":\"https:\/\/schema.org\",\"@graph\":[{\"@type\":\"WebPage\",\"@id\":\"https:\/\/www.koelbl.co.at\/de\/unternehmen\/team\/\",\"url\":\"https:\/\/www.koelbl.co.at\/de\/unternehmen\/team\/\",\"name\":\"Team - K\u00f6lbl European Tonewood DE\",\"isPartOf\":{\"@id\":\"https:\/\/www.koelbl.co.at\/de\/#website\"},\"datePublished\":\"2019-09-10T12:05:56+00:00\",\"dateModified\":\"2025-09-15T05:06:36+00:00\",\"breadcrumb\":{\"@id\":\"https:\/\/www.koelbl.co.at\/de\/unternehmen\/team\/#breadcrumb\"},\"inLanguage\":\"de\",\"potentialAction\":[{\"@type\":\"ReadAction\",\"target\":[\"https:\/\/www.koelbl.co.at\/de\/unternehmen\/team\/\"]}]},{\"@type\":\"BreadcrumbList\",\"@id\":\"https:\/\/www.koelbl.co.at\/de\/unternehmen\/team\/#breadcrumb\",\"itemListElement\":[{\"@type\":\"ListItem\",\"position\":1,\"name\":\"Startseite\",\"item\":\"https:\/\/www.koelbl.co.at\/de\/\"},{\"@type\":\"ListItem\",\"position\":2,\"name\":\"Unternehmen\",\"item\":\"https:\/\/www.koelbl.co.at\/de\/unternehmen\/\"},{\"@type\":\"ListItem\",\"position\":3,\"name\":\"Team\"}]},{\"@type\":\"WebSite\",\"@id\":\"https:\/\/www.koelbl.co.at\/de\/#website\",\"url\":\"https:\/\/www.koelbl.co.at\/de\/\",\"name\":\"K\u00f6lbl European Tonewood\",\"description\":\"The sound of the alps\",\"publisher\":{\"@id\":\"https:\/\/www.koelbl.co.at\/de\/#organization\"},\"potentialAction\":[{\"@type\":\"SearchAction\",\"target\":{\"@type\":\"EntryPoint\",\"urlTemplate\":\"https:\/\/www.koelbl.co.at\/de\/?s={search_term_string}\"},\"query-input\":{\"@type\":\"PropertyValueSpecification\",\"valueRequired\":true,\"valueName\":\"search_term_string\"}}],\"inLanguage\":\"de\"},{\"@type\":\"Organization\",\"@id\":\"https:\/\/www.koelbl.co.at\/de\/#organization\",\"name\":\"K\u00f6lbl European Tonewood\",\"url\":\"https:\/\/www.koelbl.co.at\/de\/\",\"logo\":{\"@type\":\"ImageObject\",\"inLanguage\":\"de\",\"@id\":\"https:\/\/www.koelbl.co.at\/de\/#\/schema\/logo\/image\/\",\"url\":\"https:\/\/www.koelbl.co.at\/de\/wp-content\/uploads\/sites\/2\/2019\/09\/logo-dark.png\",\"contentUrl\":\"https:\/\/www.koelbl.co.at\/de\/wp-content\/uploads\/sites\/2\/2019\/09\/logo-dark.png\",\"width\":438,\"height\":156,\"caption\":\"K\u00f6lbl European Tonewood\"},\"image\":{\"@id\":\"https:\/\/www.koelbl.co.at\/de\/#\/schema\/logo\/image\/\"}}]}<\/script>\n<!-- \/ Yoast SEO plugin. -->","yoast_head_json":{"title":"Team - K\u00f6lbl European Tonewood DE","robots":{"index":"index","follow":"follow","max-snippet":"max-snippet:-1","max-image-preview":"max-image-preview:large","max-video-preview":"max-video-preview:-1"},"canonical":"https:\/\/www.koelbl.co.at\/de\/unternehmen\/team\/","og_locale":"de_DE","og_type":"article","og_title":"Team - K\u00f6lbl European Tonewood DE","og_description":"DIE HOLZVERSTEHERUnser Team stelltsich vorUnsere Mitarbeiterinnen und Mitarbeiter vollbringen, was selbst die innovativsten Maschinen niemals leisten werden.Gesch\u00e4ftsf\u00fchrungGesch\u00e4ftsf\u00fchrender Gesellschafter Ing. Christoph K\u00f6lbl T: +43 7281 6317-0 E: c.koelbl@koelbl.co.at\u00a0 &nbsp; Prokurist &amp; Betriebsleiter Dipl.-Ing. (FH) Peter Sexlinger T: +43 7281 6317-0 M: +43 680-31 47 175 E: p.sexlinger@koelbl.co.at Verwaltung &amp; Organisation &amp; werbung&nbsp; Stellvertretender Betriebsleiter\/F\u00f6rster Ing. F\u00f6. [&hellip;]","og_url":"https:\/\/www.koelbl.co.at\/de\/unternehmen\/team\/","og_site_name":"K\u00f6lbl European Tonewood DE","article_modified_time":"2025-09-15T05:06:36+00:00","twitter_card":"summary_large_image","twitter_misc":{"Gesch\u00e4tzte Lesezeit":"7 Minuten"},"schema":{"@context":"https:\/\/schema.org","@graph":[{"@type":"WebPage","@id":"https:\/\/www.koelbl.co.at\/de\/unternehmen\/team\/","url":"https:\/\/www.koelbl.co.at\/de\/unternehmen\/team\/","name":"Team - K\u00f6lbl European Tonewood DE","isPartOf":{"@id":"https:\/\/www.koelbl.co.at\/de\/#website"},"datePublished":"2019-09-10T12:05:56+00:00","dateModified":"2025-09-15T05:06:36+00:00","breadcrumb":{"@id":"https:\/\/www.koelbl.co.at\/de\/unternehmen\/team\/#breadcrumb"},"inLanguage":"de","potentialAction":[{"@type":"ReadAction","target":["https:\/\/www.koelbl.co.at\/de\/unternehmen\/team\/"]}]},{"@type":"BreadcrumbList","@id":"https:\/\/www.koelbl.co.at\/de\/unternehmen\/team\/#breadcrumb","itemListElement":[{"@type":"ListItem","position":1,"name":"Startseite","item":"https:\/\/www.koelbl.co.at\/de\/"},{"@type":"ListItem","position":2,"name":"Unternehmen","item":"https:\/\/www.koelbl.co.at\/de\/unternehmen\/"},{"@type":"ListItem","position":3,"name":"Team"}]},{"@type":"WebSite","@id":"https:\/\/www.koelbl.co.at\/de\/#website","url":"https:\/\/www.koelbl.co.at\/de\/","name":"K\u00f6lbl European Tonewood","description":"The sound of the alps","publisher":{"@id":"https:\/\/www.koelbl.co.at\/de\/#organization"},"potentialAction":[{"@type":"SearchAction","target":{"@type":"EntryPoint","urlTemplate":"https:\/\/www.koelbl.co.at\/de\/?s={search_term_string}"},"query-input":{"@type":"PropertyValueSpecification","valueRequired":true,"valueName":"search_term_string"}}],"inLanguage":"de"},{"@type":"Organization","@id":"https:\/\/www.koelbl.co.at\/de\/#organization","name":"K\u00f6lbl European Tonewood","url":"https:\/\/www.koelbl.co.at\/de\/","logo":{"@type":"ImageObject","inLanguage":"de","@id":"https:\/\/www.koelbl.co.at\/de\/#\/schema\/logo\/image\/","url":"https:\/\/www.koelbl.co.at\/de\/wp-content\/uploads\/sites\/2\/2019\/09\/logo-dark.png","contentUrl":"https:\/\/www.koelbl.co.at\/de\/wp-content\/uploads\/sites\/2\/2019\/09\/logo-dark.png","width":438,"height":156,"caption":"K\u00f6lbl European Tonewood"},"image":{"@id":"https:\/\/www.koelbl.co.at\/de\/#\/schema\/logo\/image\/"}}]}},"_links":{"self":[{"href":"https:\/\/www.koelbl.co.at\/de\/wp-json\/wp\/v2\/pages\/317","targetHints":{"allow":["GET"]}}],"collection":[{"href":"https:\/\/www.koelbl.co.at\/de\/wp-json\/wp\/v2\/pages"}],"about":[{"href":"https:\/\/www.koelbl.co.at\/de\/wp-json\/wp\/v2\/types\/page"}],"author":[{"embeddable":true,"href":"https:\/\/www.koelbl.co.at\/de\/wp-json\/wp\/v2\/users\/1"}],"replies":[{"embeddable":true,"href":"https:\/\/www.koelbl.co.at\/de\/wp-json\/wp\/v2\/comments?post=317"}],"version-history":[{"count":85,"href":"https:\/\/www.koelbl.co.at\/de\/wp-json\/wp\/v2\/pages\/317\/revisions"}],"predecessor-version":[{"id":4092,"href":"https:\/\/www.koelbl.co.at\/de\/wp-json\/wp\/v2\/pages\/317\/revisions\/4092"}],"up":[{"embeddable":true,"href":"https:\/\/www.koelbl.co.at\/de\/wp-json\/wp\/v2\/pages\/116"}],"wp:attachment":[{"href":"https:\/\/www.koelbl.co.at\/de\/wp-json\/wp\/v2\/media?parent=317"}],"curies":[{"name":"wp","href":"https:\/\/api.w.org\/{rel}","templated":true}]}}