{"id":116,"date":"2019-09-02T15:21:48","date_gmt":"2019-09-02T13:21:48","guid":{"rendered":"https:\/\/koelbl.8create.at\/de\/unternehmen\/"},"modified":"2025-06-26T11:59:44","modified_gmt":"2025-06-26T09:59:44","slug":"unternehmen","status":"publish","type":"page","link":"https:\/\/www.koelbl.co.at\/de\/unternehmen\/","title":{"rendered":"Unternehmen"},"content":{"rendered":"<p>[et_pb_section fb_built=&#8220;1&#8243; module_class=&#8220;header&#8220; _builder_version=&#8220;4.16&#8243; background_color=&#8220;#432f1d&#8220; background_image=&#8220;https:\/\/www.koelbl.co.at\/de\/wp-content\/uploads\/sites\/2\/2019\/09\/Koelbl_Unternehmen.jpg&#8220; background_position=&#8220;top_center&#8220; height=&#8220;668px&#8220; height_tablet=&#8220;512px&#8220; height_phone=&#8220;229px&#8220; height_last_edited=&#8220;on|phone&#8220; custom_margin=&#8220;||0px||false|false&#8220; custom_padding=&#8220;||0px||false|false&#8220; custom_css_main_element=&#8220;display: flex;||align-items: flex-end;||justify-content:center;&#8220; global_colors_info=&#8220;{}&#8220;][et_pb_row _builder_version=&#8220;4.16&#8243; width_tablet=&#8220;&#8220; width_phone=&#8220;&#8220; width_last_edited=&#8220;on|phone&#8220; max_width=&#8220;1000px&#8220; custom_margin=&#8220;0px||||false|false&#8220; custom_margin_tablet=&#8220;0px||||false|false&#8220; custom_margin_phone=&#8220;0px||||false|false&#8220; custom_margin_last_edited=&#8220;on|desktop&#8220; custom_padding=&#8220;||45px||false|false&#8220; custom_css_main_element=&#8220;margin:inherit;&#8220; global_colors_info=&#8220;{}&#8220;][et_pb_column type=&#8220;4_4&#8243; _builder_version=&#8220;4.16&#8243; global_colors_info=&#8220;{}&#8220;][et_pb_text content_tablet=&#8220;<\/p>\n<h1>Erfahrung<br \/> kommt<br \/> mit der Zeit<\/h1>\n<p>&#8220; content_phone=&#8220;<\/p>\n<h1>Erfahrung kommt<br \/> mit der Zeit<\/h1>\n<p>&#8220; content_last_edited=&#8220;on|phone&#8220; _builder_version=&#8220;4.16&#8243; text_text_color=&#8220;rgba(0,0,0,0)&#8220; header_text_color=&#8220;#ffffff&#8220; text_orientation=&#8220;center&#8220; width=&#8220;100%&#8220; width_tablet=&#8220;100%&#8220; width_phone=&#8220;&#8220; width_last_edited=&#8220;on|phone&#8220; module_alignment=&#8220;center&#8220; custom_margin=&#8220;||0px||false|false&#8220; custom_margin_tablet=&#8220;||0px||false|false&#8220; custom_margin_phone=&#8220;&#8220; custom_margin_last_edited=&#8220;on|phone&#8220; custom_padding=&#8220;||0px||false|false&#8220; header_text_shadow_style=&#8220;preset2&#8243; header_text_shadow_horizontal_length=&#8220;0em&#8220; header_text_shadow_vertical_length=&#8220;0em&#8220; header_text_shadow_blur_strength=&#8220;0.05em&#8220; header_text_shadow_color=&#8220;rgba(0,0,0,0.15)&#8220; global_colors_info=&#8220;{}&#8220;]<\/p>\n<h1>Erfahrung kommt<br \/> mit der Zeit<\/h1>\n<p>[\/et_pb_text][\/et_pb_column][\/et_pb_row][\/et_pb_section][et_pb_section fb_built=&#8220;1&#8243; _builder_version=&#8220;4.16&#8243; custom_padding=&#8220;||61px||false|false&#8220; animation_style=&#8220;fade&#8220; global_colors_info=&#8220;{}&#8220;][et_pb_row _builder_version=&#8220;4.16&#8243; custom_margin=&#8220;||||false|false&#8220; custom_padding=&#8220;0px||||false|false&#8220; global_colors_info=&#8220;{}&#8220;][et_pb_column type=&#8220;4_4&#8243; _builder_version=&#8220;4.16&#8243; global_colors_info=&#8220;{}&#8220;][et_pb_text module_class=&#8220;separator&#8220; _builder_version=&#8220;4.16&#8243; text_orientation=&#8220;center&#8220; width=&#8220;66%&#8220; width_tablet=&#8220;100%&#8220; width_phone=&#8220;&#8220; width_last_edited=&#8220;on|tablet&#8220; module_alignment=&#8220;center&#8220; global_colors_info=&#8220;{}&#8220;]<\/p>\n<h2>Ein \u00fcber Generationen weitergegebenes Wissen<\/h2>\n<p>[\/et_pb_text][et_pb_text module_class=&#8220;serif&#8220; _builder_version=&#8220;4.16&#8243; text_font=&#8220;|||on|||||&#8220; text_orientation=&#8220;center&#8220; width=&#8220;60%&#8220; width_tablet=&#8220;100%&#8220; width_phone=&#8220;&#8220; width_last_edited=&#8220;on|tablet&#8220; module_alignment=&#8220;center&#8220; custom_margin=&#8220;-22px||||false|false&#8220; global_colors_info=&#8220;{}&#8220;]<\/p>\n<p>Musik lebt von der Begabung &#8211;<br \/>sowie die Auswahl von Tonholz<\/p>\n<p>[\/et_pb_text][\/et_pb_column][\/et_pb_row][et_pb_row column_structure=&#8220;1_2,1_2&#8243; _builder_version=&#8220;4.16&#8243; global_colors_info=&#8220;{}&#8220;][et_pb_column type=&#8220;1_2&#8243; _builder_version=&#8220;4.16&#8243; global_colors_info=&#8220;{}&#8220;][et_pb_text _builder_version=&#8220;4.27.4&#8243; global_colors_info=&#8220;{}&#8220;]<\/p>\n<p>K\u00d6LBL European Tonewood GmbH ist ein <a href=\"https:\/\/www.koelbl.co.at\/de\/traditionelle-tonholzverarbeitung-seit-ueber-95-jahren\/%20\" target=\"_blank\" rel=\"noopener\">Familienunternehmen<\/a> und stellt bereits in der 3. Generation Tonholz her. Tradition und Innovation sind gleich wichtig &#8211; und \u00fcber allem steht der Wert der pers\u00f6nlichen Kundenbeziehungen.<\/p>\n<p>[\/et_pb_text][\/et_pb_column][et_pb_column type=&#8220;1_2&#8243; _builder_version=&#8220;4.16&#8243; global_colors_info=&#8220;{}&#8220;][et_pb_text _builder_version=&#8220;4.27.4&#8243; hover_enabled=&#8220;0&#8243; global_colors_info=&#8220;{}&#8220; sticky_enabled=&#8220;0&#8243;]<\/p>\n<p>Ein genau abgestimmter, <a href=\"https:\/\/www.koelbl.co.at\/de\/hochwertige-verarbeitung-bei-koelbl\/%20\" target=\"_blank\" rel=\"noopener\">auf h\u00f6chste Qualit\u00e4t ausgerichteter Verarbeitungsprozess,<\/a> tradiertes Wissen und besondere Handgriffe haben uns dahin gef\u00fchrt wo wir heute stehen.\u00a0 Laufende Investitionen in Betriebsgeb\u00e4ude und -anlagen setzen unseren Weg in die Zukunft der <a href=\"https:\/\/www.koelbl.co.at\/de\/tonewood-europe\/%20\" target=\"_blank\" rel=\"noopener\">Tonholzverarbeitung<\/a> fort.<\/p>\n<p>[\/et_pb_text][\/et_pb_column][\/et_pb_row][\/et_pb_section][et_pb_section fb_built=&#8220;1&#8243; _builder_version=&#8220;4.16&#8243; background_color=&#8220;#f2efed&#8220; animation_style=&#8220;fade&#8220; global_colors_info=&#8220;{}&#8220;][et_pb_row _builder_version=&#8220;4.16&#8243; custom_margin=&#8220;17px|auto||auto||&#8220; custom_padding=&#8220;0px||||false|false&#8220; global_colors_info=&#8220;{}&#8220;][et_pb_column type=&#8220;4_4&#8243; _builder_version=&#8220;4.16&#8243; global_colors_info=&#8220;{}&#8220;][et_pb_text _builder_version=&#8220;4.16&#8243; global_colors_info=&#8220;{}&#8220;]<\/p>\n<h2 style=\"text-align: center\">Faktisch spricht sehr<br \/>viel f\u00fcr uns<\/h2>\n<p>[\/et_pb_text][\/et_pb_column][\/et_pb_row][et_pb_row column_structure=&#8220;1_3,1_3,1_3&#8243; make_equal=&#8220;on&#8220; _builder_version=&#8220;4.16&#8243; global_colors_info=&#8220;{}&#8220;][et_pb_column type=&#8220;1_3&#8243; _builder_version=&#8220;4.16&#8243; custom_padding=&#8220;0px||||false|false&#8220; global_colors_info=&#8220;{}&#8220;][et_pb_image src=&#8220;https:\/\/www.koelbl.co.at\/de\/wp-content\/uploads\/sites\/2\/2019\/09\/Teile_Koelbl_Tonewood.jpg&#8220; _builder_version=&#8220;4.16&#8243; global_colors_info=&#8220;{}&#8220;][\/et_pb_image][et_pb_text _builder_version=&#8220;4.27.4&#8243; global_colors_info=&#8220;{}&#8220;]<\/p>\n<p style=\"text-align: center\"><strong style=\"font-size: 30px\">700.000<\/strong><\/p>\n<p style=\"text-align: center\">Teile und Zuschnitte f\u00fcr<br \/><a href=\"https:\/\/www.koelbl.co.at\/de\/tonholz-fuer-klaviatur-und-mechanik-aus-europa\/%20\" target=\"_blank\" rel=\"noopener\">Musikinstrumente<\/a> verlassen<br \/>j\u00e4hrlich unser Werk.<\/p>\n<p>[\/et_pb_text][\/et_pb_column][et_pb_column type=&#8220;1_3&#8243; _builder_version=&#8220;4.16&#8243; global_colors_info=&#8220;{}&#8220;][et_pb_image src=&#8220;https:\/\/www.koelbl.co.at\/de\/wp-content\/uploads\/sites\/2\/2019\/09\/Geld_Koelbl_Tonewood.jpg&#8220; align=&#8220;center&#8220; _builder_version=&#8220;4.16&#8243; global_colors_info=&#8220;{}&#8220;][\/et_pb_image][et_pb_text _builder_version=&#8220;4.16&#8243; global_colors_info=&#8220;{}&#8220;]<\/p>\n<p style=\"text-align: center\"><strong style=\"font-size: 30px\">8.800.000\u20ac<\/strong><\/p>\n<p style=\"text-align: center\">investierte Christoph K\u00f6lbl seitdem er 1990 den v\u00e4terlichen Betrieb \u00fcbernommen hat in modernste Anlagen und Geb\u00e4ude, Technik und Nachhaltigkeit.<\/p>\n<p>[\/et_pb_text][\/et_pb_column][et_pb_column type=&#8220;1_3&#8243; _builder_version=&#8220;4.16&#8243; global_colors_info=&#8220;{}&#8220;][et_pb_image src=&#8220;https:\/\/www.koelbl.co.at\/de\/wp-content\/uploads\/sites\/2\/2019\/09\/Firma_Koelbl_Tonewood.jpg&#8220; align=&#8220;center&#8220; _builder_version=&#8220;4.16&#8243; global_colors_info=&#8220;{}&#8220;][\/et_pb_image][et_pb_text _builder_version=&#8220;4.16&#8243; global_colors_info=&#8220;{}&#8220;]<\/p>\n<p style=\"text-align: center\"><strong style=\"font-size: 30px\">45.000m<sup>2<\/sup><\/strong><\/p>\n<p style=\"text-align: center\">Firmengel\u00e4nde und<br \/> Betriebsfl\u00e4che erm\u00f6glichen<br \/> gro\u00dfe Lagervolumen.<\/p>\n<p>[\/et_pb_text][\/et_pb_column][\/et_pb_row][et_pb_row column_structure=&#8220;1_3,1_3,1_3&#8243; make_equal=&#8220;on&#8220; _builder_version=&#8220;4.16&#8243; global_colors_info=&#8220;{}&#8220;][et_pb_column type=&#8220;1_3&#8243; _builder_version=&#8220;4.16&#8243; global_colors_info=&#8220;{}&#8220;][et_pb_image src=&#8220;https:\/\/www.koelbl.co.at\/de\/wp-content\/uploads\/sites\/2\/2019\/09\/Obst_Koelbl_Tonewood.jpg&#8220; align=&#8220;center&#8220; _builder_version=&#8220;4.16&#8243; global_colors_info=&#8220;{}&#8220;][\/et_pb_image][et_pb_text _builder_version=&#8220;4.16&#8243; custom_margin=&#8220;||-44px|||&#8220; global_colors_info=&#8220;{}&#8220;]<\/p>\n<p style=\"text-align: center\"><strong style=\"font-size: 30px\">1000kg<\/strong><\/p>\n<p style=\"text-align: center\">bereit gestelltes Obst \u2013 um fit und gesund zu bleiben \u2013 werden von unseren Mitarbeitereinnen und Mitarbeitern pro Jahr konsumiert.<\/p>\n<p>[\/et_pb_text][\/et_pb_column][et_pb_column type=&#8220;1_3&#8243; _builder_version=&#8220;4.16&#8243; custom_css_main_element=&#8220;margin:auto;&#8220; global_colors_info=&#8220;{}&#8220;][et_pb_image src=&#8220;https:\/\/www.koelbl.co.at\/de\/wp-content\/uploads\/sites\/2\/2019\/09\/flug_Koelbl_Tonewood.jpg&#8220; align=&#8220;center&#8220; _builder_version=&#8220;4.16&#8243; global_colors_info=&#8220;{}&#8220;][\/et_pb_image][et_pb_text _builder_version=&#8220;4.16&#8243; global_colors_info=&#8220;{}&#8220;]<\/p>\n<p style=\"text-align: center\"><strong style=\"font-size: 30px;line-height: 36px\">1.500.000 Flugmeilen<br \/> <\/strong><\/p>\n<p style=\"text-align: center\">sammelte Christoph K\u00f6lbl in seiner Zeit als Gesch\u00e4ftsf\u00fchrer an, um im intensiven pers\u00f6nlichen Kontakt und Austausch mit seinen Kunden zu bleiben.<\/p>\n<p>[\/et_pb_text][\/et_pb_column][et_pb_column type=&#8220;1_3&#8243; _builder_version=&#8220;4.16&#8243; global_colors_info=&#8220;{}&#8220;][et_pb_image src=&#8220;https:\/\/www.koelbl.co.at\/de\/wp-content\/uploads\/sites\/2\/2019\/09\/co2_Koelbl_Tonewood.jpg&#8220; align=&#8220;center&#8220; _builder_version=&#8220;4.16&#8243; global_colors_info=&#8220;{}&#8220;][\/et_pb_image][et_pb_text _builder_version=&#8220;4.27.4&#8243; hover_enabled=&#8220;0&#8243; global_colors_info=&#8220;{}&#8220; sticky_enabled=&#8220;0&#8243;]<\/p>\n<p style=\"text-align: center\"><strong style=\"font-size: 30px\">1.439,69t<\/strong><\/p>\n<p style=\"text-align: center\">an CO<sub>2<\/sub> <a href=\"https:\/\/www.koelbl.co.at\/de\/nachhaltigkeit-die-klingt\/%20\" target=\"_blank\" rel=\"noopener\">sparen wir j\u00e4hrlich<\/a><br \/>durch unser Heizwerk am<br \/>Firmengel\u00e4nde ein.<\/p>\n<p>[\/et_pb_text][\/et_pb_column][\/et_pb_row][et_pb_row column_structure=&#8220;1_3,1_3,1_3&#8243; make_equal=&#8220;on&#8220; _builder_version=&#8220;4.16&#8243; global_colors_info=&#8220;{}&#8220;][et_pb_column type=&#8220;1_3&#8243; _builder_version=&#8220;4.16&#8243; global_colors_info=&#8220;{}&#8220;][et_pb_image src=&#8220;https:\/\/www.koelbl.co.at\/de\/wp-content\/uploads\/sites\/2\/2019\/09\/Strom_Koelbl_Tonewood.jpg&#8220; align=&#8220;center&#8220; _builder_version=&#8220;4.16&#8243; global_colors_info=&#8220;{}&#8220;][\/et_pb_image][et_pb_text _builder_version=&#8220;4.16&#8243; hover_enabled=&#8220;0&#8243; global_colors_info=&#8220;{}&#8220; sticky_enabled=&#8220;0&#8243;]<\/p>\n<p style=\"text-align: center\"><strong style=\"font-size: 30px\">45%<br \/> <\/strong><\/p>\n<p style=\"text-align: center\">unseres Strombedarfs<br \/>decken wir mittels eigener<br \/>Photovoltaikanlage ab.<\/p>\n<p>[\/et_pb_text][\/et_pb_column][et_pb_column type=&#8220;1_3&#8243; _builder_version=&#8220;4.16&#8243; global_colors_info=&#8220;{}&#8220;][\/et_pb_column][et_pb_column type=&#8220;1_3&#8243; _builder_version=&#8220;4.16&#8243; global_colors_info=&#8220;{}&#8220;][\/et_pb_column][\/et_pb_row][\/et_pb_section][et_pb_section fb_built=&#8220;1&#8243; custom_padding_last_edited=&#8220;on|tablet&#8220; _builder_version=&#8220;3.27.4&#8243; background_image=&#8220;https:\/\/www.koelbl.co.at\/de\/wp-content\/uploads\/sites\/2\/2019\/09\/footer.jpg&#8220; custom_padding=&#8220;153px||153px||true|false&#8220; custom_padding_tablet=&#8220;50px||50px||true|false&#8220; custom_padding_phone=&#8220;&#8220; global_module=&#8220;232&#8243; saved_tabs=&#8220;all&#8220; global_colors_info=&#8220;{}&#8220;][et_pb_row column_structure=&#8220;1_3,1_3,1_3&#8243; _builder_version=&#8220;4.16&#8243; global_colors_info=&#8220;{}&#8220;][et_pb_column type=&#8220;1_3&#8243; _builder_version=&#8220;4.16&#8243; global_colors_info=&#8220;{}&#8220;][et_pb_button button_url=&#8220;\/de\/unternehmen\/geschichte&#8220; button_text=&#8220;Unsere Geschichte&#8220; button_alignment=&#8220;center&#8220; module_class=&#8220;white&#8220; _builder_version=&#8220;4.16&#8243; global_colors_info=&#8220;{}&#8220;][\/et_pb_button][\/et_pb_column][et_pb_column type=&#8220;1_3&#8243; _builder_version=&#8220;4.16&#8243; global_colors_info=&#8220;{}&#8220;][et_pb_button button_url=&#8220;\/de\/unternehmen\/maerkte\/&#8220; button_text=&#8220;Unsere M\u00e4rkte&#8220; button_alignment=&#8220;center&#8220; module_class=&#8220;white&#8220; _builder_version=&#8220;4.16&#8243; global_colors_info=&#8220;{}&#8220;][\/et_pb_button][\/et_pb_column][et_pb_column type=&#8220;1_3&#8243; _builder_version=&#8220;4.16&#8243; global_colors_info=&#8220;{}&#8220;][et_pb_button button_url=&#8220;\/de\/unternehmen\/news\/&#8220; button_text=&#8220;Unsere News&#8220; button_alignment=&#8220;center&#8220; module_class=&#8220;white&#8220; _builder_version=&#8220;4.16&#8243; global_colors_info=&#8220;{}&#8220;][\/et_pb_button][\/et_pb_column][\/et_pb_row][\/et_pb_section]<\/p>\n","protected":false},"excerpt":{"rendered":"<p>Erfahrung kommt mit der ZeitEin \u00fcber Generationen weitergegebenes WissenMusik lebt von der Begabung -sowie die Auswahl von TonholzK\u00d6LBL European Tonewood GmbH ist ein Familienunternehmen und stellt bereits in der 3. Generation Tonholz her. Tradition und Innovation sind gleich wichtig &#8211; und \u00fcber allem steht der Wert der pers\u00f6nlichen Kundenbeziehungen.Ein genau abgestimmter, auf h\u00f6chste Qualit\u00e4t ausgerichteter [&hellip;]<\/p>\n","protected":false},"author":1,"featured_media":0,"parent":0,"menu_order":1,"comment_status":"closed","ping_status":"closed","template":"","meta":{"_acf_changed":false,"_et_pb_use_builder":"on","_et_pb_old_content":"","_et_gb_content_width":"","footnotes":""},"class_list":["post-116","page","type-page","status-publish","hentry"],"acf":[],"yoast_head":"<!-- This site is optimized with the Yoast SEO plugin v23.9 - https:\/\/yoast.com\/wordpress\/plugins\/seo\/ -->\n<title>Unternehmen - K\u00f6lbl European Tonewood DE<\/title>\n<meta name=\"robots\" content=\"index, follow, max-snippet:-1, max-image-preview:large, max-video-preview:-1\" \/>\n<link rel=\"canonical\" href=\"https:\/\/www.koelbl.co.at\/de\/unternehmen\/\" \/>\n<meta property=\"og:locale\" content=\"de_DE\" \/>\n<meta property=\"og:type\" content=\"article\" \/>\n<meta property=\"og:title\" content=\"Unternehmen - K\u00f6lbl European Tonewood DE\" \/>\n<meta property=\"og:description\" content=\"Erfahrung kommt mit der ZeitEin \u00fcber Generationen weitergegebenes WissenMusik lebt von der Begabung -sowie die Auswahl von TonholzK\u00d6LBL European Tonewood GmbH ist ein Familienunternehmen und stellt bereits in der 3. Generation Tonholz her. Tradition und Innovation sind gleich wichtig - und \u00fcber allem steht der Wert der pers\u00f6nlichen Kundenbeziehungen.Ein genau abgestimmter, auf h\u00f6chste Qualit\u00e4t ausgerichteter [&hellip;]\" \/>\n<meta property=\"og:url\" content=\"https:\/\/www.koelbl.co.at\/de\/unternehmen\/\" \/>\n<meta property=\"og:site_name\" content=\"K\u00f6lbl European Tonewood DE\" \/>\n<meta property=\"article:modified_time\" content=\"2025-06-26T09:59:44+00:00\" \/>\n<meta name=\"twitter:card\" content=\"summary_large_image\" \/>\n<meta name=\"twitter:label1\" content=\"Gesch\u00e4tzte Lesezeit\" \/>\n\t<meta name=\"twitter:data1\" content=\"7 Minuten\" \/>\n<script type=\"application\/ld+json\" class=\"yoast-schema-graph\">{\"@context\":\"https:\/\/schema.org\",\"@graph\":[{\"@type\":\"WebPage\",\"@id\":\"https:\/\/www.koelbl.co.at\/de\/unternehmen\/\",\"url\":\"https:\/\/www.koelbl.co.at\/de\/unternehmen\/\",\"name\":\"Unternehmen - K\u00f6lbl European Tonewood DE\",\"isPartOf\":{\"@id\":\"https:\/\/www.koelbl.co.at\/de\/#website\"},\"datePublished\":\"2019-09-02T13:21:48+00:00\",\"dateModified\":\"2025-06-26T09:59:44+00:00\",\"breadcrumb\":{\"@id\":\"https:\/\/www.koelbl.co.at\/de\/unternehmen\/#breadcrumb\"},\"inLanguage\":\"de\",\"potentialAction\":[{\"@type\":\"ReadAction\",\"target\":[\"https:\/\/www.koelbl.co.at\/de\/unternehmen\/\"]}]},{\"@type\":\"BreadcrumbList\",\"@id\":\"https:\/\/www.koelbl.co.at\/de\/unternehmen\/#breadcrumb\",\"itemListElement\":[{\"@type\":\"ListItem\",\"position\":1,\"name\":\"Startseite\",\"item\":\"https:\/\/www.koelbl.co.at\/de\/\"},{\"@type\":\"ListItem\",\"position\":2,\"name\":\"Unternehmen\"}]},{\"@type\":\"WebSite\",\"@id\":\"https:\/\/www.koelbl.co.at\/de\/#website\",\"url\":\"https:\/\/www.koelbl.co.at\/de\/\",\"name\":\"K\u00f6lbl European Tonewood\",\"description\":\"The sound of the alps\",\"publisher\":{\"@id\":\"https:\/\/www.koelbl.co.at\/de\/#organization\"},\"potentialAction\":[{\"@type\":\"SearchAction\",\"target\":{\"@type\":\"EntryPoint\",\"urlTemplate\":\"https:\/\/www.koelbl.co.at\/de\/?s={search_term_string}\"},\"query-input\":{\"@type\":\"PropertyValueSpecification\",\"valueRequired\":true,\"valueName\":\"search_term_string\"}}],\"inLanguage\":\"de\"},{\"@type\":\"Organization\",\"@id\":\"https:\/\/www.koelbl.co.at\/de\/#organization\",\"name\":\"K\u00f6lbl European Tonewood\",\"url\":\"https:\/\/www.koelbl.co.at\/de\/\",\"logo\":{\"@type\":\"ImageObject\",\"inLanguage\":\"de\",\"@id\":\"https:\/\/www.koelbl.co.at\/de\/#\/schema\/logo\/image\/\",\"url\":\"https:\/\/www.koelbl.co.at\/de\/wp-content\/uploads\/sites\/2\/2019\/09\/logo-dark.png\",\"contentUrl\":\"https:\/\/www.koelbl.co.at\/de\/wp-content\/uploads\/sites\/2\/2019\/09\/logo-dark.png\",\"width\":438,\"height\":156,\"caption\":\"K\u00f6lbl European Tonewood\"},\"image\":{\"@id\":\"https:\/\/www.koelbl.co.at\/de\/#\/schema\/logo\/image\/\"}}]}<\/script>\n<!-- \/ Yoast SEO plugin. -->","yoast_head_json":{"title":"Unternehmen - K\u00f6lbl European Tonewood DE","robots":{"index":"index","follow":"follow","max-snippet":"max-snippet:-1","max-image-preview":"max-image-preview:large","max-video-preview":"max-video-preview:-1"},"canonical":"https:\/\/www.koelbl.co.at\/de\/unternehmen\/","og_locale":"de_DE","og_type":"article","og_title":"Unternehmen - K\u00f6lbl European Tonewood DE","og_description":"Erfahrung kommt mit der ZeitEin \u00fcber Generationen weitergegebenes WissenMusik lebt von der Begabung -sowie die Auswahl von TonholzK\u00d6LBL European Tonewood GmbH ist ein Familienunternehmen und stellt bereits in der 3. Generation Tonholz her. Tradition und Innovation sind gleich wichtig - und \u00fcber allem steht der Wert der pers\u00f6nlichen Kundenbeziehungen.Ein genau abgestimmter, auf h\u00f6chste Qualit\u00e4t ausgerichteter [&hellip;]","og_url":"https:\/\/www.koelbl.co.at\/de\/unternehmen\/","og_site_name":"K\u00f6lbl European Tonewood DE","article_modified_time":"2025-06-26T09:59:44+00:00","twitter_card":"summary_large_image","twitter_misc":{"Gesch\u00e4tzte Lesezeit":"7 Minuten"},"schema":{"@context":"https:\/\/schema.org","@graph":[{"@type":"WebPage","@id":"https:\/\/www.koelbl.co.at\/de\/unternehmen\/","url":"https:\/\/www.koelbl.co.at\/de\/unternehmen\/","name":"Unternehmen - K\u00f6lbl European Tonewood DE","isPartOf":{"@id":"https:\/\/www.koelbl.co.at\/de\/#website"},"datePublished":"2019-09-02T13:21:48+00:00","dateModified":"2025-06-26T09:59:44+00:00","breadcrumb":{"@id":"https:\/\/www.koelbl.co.at\/de\/unternehmen\/#breadcrumb"},"inLanguage":"de","potentialAction":[{"@type":"ReadAction","target":["https:\/\/www.koelbl.co.at\/de\/unternehmen\/"]}]},{"@type":"BreadcrumbList","@id":"https:\/\/www.koelbl.co.at\/de\/unternehmen\/#breadcrumb","itemListElement":[{"@type":"ListItem","position":1,"name":"Startseite","item":"https:\/\/www.koelbl.co.at\/de\/"},{"@type":"ListItem","position":2,"name":"Unternehmen"}]},{"@type":"WebSite","@id":"https:\/\/www.koelbl.co.at\/de\/#website","url":"https:\/\/www.koelbl.co.at\/de\/","name":"K\u00f6lbl European Tonewood","description":"The sound of the alps","publisher":{"@id":"https:\/\/www.koelbl.co.at\/de\/#organization"},"potentialAction":[{"@type":"SearchAction","target":{"@type":"EntryPoint","urlTemplate":"https:\/\/www.koelbl.co.at\/de\/?s={search_term_string}"},"query-input":{"@type":"PropertyValueSpecification","valueRequired":true,"valueName":"search_term_string"}}],"inLanguage":"de"},{"@type":"Organization","@id":"https:\/\/www.koelbl.co.at\/de\/#organization","name":"K\u00f6lbl European Tonewood","url":"https:\/\/www.koelbl.co.at\/de\/","logo":{"@type":"ImageObject","inLanguage":"de","@id":"https:\/\/www.koelbl.co.at\/de\/#\/schema\/logo\/image\/","url":"https:\/\/www.koelbl.co.at\/de\/wp-content\/uploads\/sites\/2\/2019\/09\/logo-dark.png","contentUrl":"https:\/\/www.koelbl.co.at\/de\/wp-content\/uploads\/sites\/2\/2019\/09\/logo-dark.png","width":438,"height":156,"caption":"K\u00f6lbl European Tonewood"},"image":{"@id":"https:\/\/www.koelbl.co.at\/de\/#\/schema\/logo\/image\/"}}]}},"_links":{"self":[{"href":"https:\/\/www.koelbl.co.at\/de\/wp-json\/wp\/v2\/pages\/116","targetHints":{"allow":["GET"]}}],"collection":[{"href":"https:\/\/www.koelbl.co.at\/de\/wp-json\/wp\/v2\/pages"}],"about":[{"href":"https:\/\/www.koelbl.co.at\/de\/wp-json\/wp\/v2\/types\/page"}],"author":[{"embeddable":true,"href":"https:\/\/www.koelbl.co.at\/de\/wp-json\/wp\/v2\/users\/1"}],"replies":[{"embeddable":true,"href":"https:\/\/www.koelbl.co.at\/de\/wp-json\/wp\/v2\/comments?post=116"}],"version-history":[{"count":53,"href":"https:\/\/www.koelbl.co.at\/de\/wp-json\/wp\/v2\/pages\/116\/revisions"}],"predecessor-version":[{"id":3988,"href":"https:\/\/www.koelbl.co.at\/de\/wp-json\/wp\/v2\/pages\/116\/revisions\/3988"}],"wp:attachment":[{"href":"https:\/\/www.koelbl.co.at\/de\/wp-json\/wp\/v2\/media?parent=116"}],"curies":[{"name":"wp","href":"https:\/\/api.w.org\/{rel}","templated":true}]}}